{"id":3253,"date":"2024-12-19T12:52:05","date_gmt":"2024-12-19T12:52:05","guid":{"rendered":"https:\/\/tekoa.fi\/?page_id=3253"},"modified":"2025-03-07T09:21:33","modified_gmt":"2025-03-07T09:21:33","slug":"tietosuojaseloste","status":"publish","type":"page","link":"https:\/\/tekoa.fi\/sv\/tietosuojaseloste\/","title":{"rendered":"Dataskyddsbeskrivning"},"content":{"rendered":"<p>[et_pb_section fb_built=&#8221;1&#8243; custom_padding_last_edited=&#8221;on|phone&#8221; module_class=&#8221;flexed&#8221; _builder_version=&#8221;4.27.3&#8243; _module_preset=&#8221;default&#8221; background_color=&#8221;rgba(0,0,0,0.46)&#8221; background_color_gradient_direction=&#8221;90deg&#8221; background_color_gradient_start=&#8221;rgba(19,28,59,0.31)&#8221; background_color_gradient_end=&#8221;rgba(225,72,9,0.41)&#8221; background_image=&#8221;https:\/\/tekoa.fi\/wp-content\/uploads\/2024\/12\/workspace-1280538_1280.jpg&#8221; min_height=&#8221;80vh&#8221; min_height_tablet=&#8221;&#8221; min_height_phone=&#8221;372px&#8221; min_height_last_edited=&#8221;on|phone&#8221; custom_padding_tablet=&#8221;&#8221; custom_padding_phone=&#8221;0px||0px||false|false&#8221; global_colors_info=&#8221;{}&#8221;][et_pb_row column_structure=&#8221;3_5,2_5&#8243; custom_padding_last_edited=&#8221;on|phone&#8221; _builder_version=&#8221;4.16&#8243; _module_preset=&#8221;default&#8221; custom_padding_tablet=&#8221;&#8221; custom_padding_phone=&#8221;||0px||false|false&#8221; global_colors_info=&#8221;{}&#8221;][et_pb_column type=&#8221;3_5&#8243; _builder_version=&#8221;4.16&#8243; _module_preset=&#8221;default&#8221; global_colors_info=&#8221;{}&#8221;][et_pb_text _builder_version=&#8221;4.16&#8243; _module_preset=&#8221;default&#8221; text_text_color=&#8221;#FFFFFF&#8221; header_font=&#8221;|700|||||||&#8221; header_text_color=&#8221;#FFFFFF&#8221; header_font_size=&#8221;45px&#8221; custom_margin=&#8221;88px|||||&#8221; header_font_size_tablet=&#8221;&#8221; header_font_size_phone=&#8221;40px&#8221; header_font_size_last_edited=&#8221;on|phone&#8221; header_line_height_tablet=&#8221;&#8221; header_line_height_phone=&#8221;1.1em&#8221; header_line_height_last_edited=&#8221;on|phone&#8221; global_colors_info=&#8221;{}&#8221;]<\/p>\n<h1 class=\"entry-title\">Tietosuojeseloste<\/h1>\n<p>[\/et_pb_text][\/et_pb_column][et_pb_column type=&#8221;2_5&#8243; _builder_version=&#8221;4.16&#8243; _module_preset=&#8221;default&#8221; global_colors_info=&#8221;{}&#8221;][\/et_pb_column][\/et_pb_row][\/et_pb_section][et_pb_section fb_built=&#8221;1&#8243; custom_padding_last_edited=&#8221;on|phone&#8221; _builder_version=&#8221;4.16&#8243; _module_preset=&#8221;default&#8221; background_color=&#8221;#080c1c&#8221; custom_padding_tablet=&#8221;&#8221; custom_padding_phone=&#8221;||0px||false|false&#8221; global_colors_info=&#8221;{}&#8221;][et_pb_row _builder_version=&#8221;4.27.3&#8243; _module_preset=&#8221;default&#8221; width=&#8221;67.6%&#8221; global_colors_info=&#8221;{}&#8221;][et_pb_column type=&#8221;4_4&#8243; _builder_version=&#8221;4.27.3&#8243; _module_preset=&#8221;default&#8221; global_colors_info=&#8221;{}&#8221;][et_pb_text _builder_version=&#8221;4.27.3&#8243; _module_preset=&#8221;default&#8221; background_layout=&#8221;dark&#8221; global_colors_info=&#8221;{}&#8221;]<\/p>\n<p><span style=\"color: #ffffff; font-size: x-large;\"><strong><\/strong><\/span><\/p>\n<p><span style=\"color: #ffffff; font-size: x-large;\"><strong>Rekisteriseloste<\/strong><\/span><\/p>\n<h1><span style=\"color: #ffffff; font-size: large;\">1. Rekisterinpit\u00e4j\u00e4<\/span><\/h1>\n<p><span style=\"color: #ffffff; font-size: medium;\">Tekoa Oy, 2045671\u20138<\/span><\/p>\n<p><span style=\"color: #ffffff; font-size: medium;\">Yhteystiedot: <\/span><br \/><span style=\"color: #ffffff; font-size: medium;\">Satamatie 199<\/span><br \/><span style=\"color: #ffffff; font-size: medium;\">85180 Rahja<\/span><\/p>\n<p><span style=\"color: #ffffff; font-size: medium;\">Yhteystiedot rekisteri\u00e4 koskevissa asioissa<\/span><\/p>\n<p><span style=\"color: #ffffff; font-size: medium;\">Heikki Jyrinki <\/span><br \/><span style=\"color: #ffffff; font-size: medium;\">Satamatie 199<\/span><br \/><span style=\"color: #ffffff; font-size: medium;\">85180 Rahja <\/span><br \/><span style=\"color: #ffffff; font-size: medium;\">+358 40 5863506<\/span><br \/><span style=\"color: #ffffff; font-size: medium;\">heikki.jyrinki@tekoa.fi<\/span><\/p>\n<p><span style=\"color: #ffffff; font-size: medium;\">Tapauksen mukaan mahdollisen tietosuojavastaavan yhteystiedot:<\/span><\/p>\n<p><span style=\"color: #ffffff; font-size: medium;\"><strong>Tietosuojavastaava<\/strong><\/span><\/p>\n<p><span style=\"color: #ffffff; font-size: medium;\">Heikki Jyrinki <\/span><br \/><span style=\"color: #ffffff; font-size: medium;\">Satamatie 199<\/span><br \/><span style=\"color: #ffffff; font-size: medium;\">85180 Rahja <\/span><br \/><span style=\"color: #ffffff; font-size: medium;\">+358 40 5863506<\/span><br \/><span style=\"color: #ffffff; font-size: medium;\">heikki.jyrinki@tekoa.fi<\/span><\/p>\n<h1><span style=\"color: #ffffff; font-size: large;\">2. Rekister\u00f6idyt<\/span><\/h1>\n<p><span style=\"color: #ffffff; font-size: medium;\">Yrityksemme rekisteriss\u00e4 on asiakkaat ja potentiaaliset asiakkaat.<\/span><\/p>\n<h1><span style=\"color: #ffffff; font-size: large;\">3. Henkil\u00f6tietojen k\u00e4ytt\u00f6tarkoitus<\/span><\/h1>\n<p><span style=\"color: #ffffff; font-size: medium;\">Rekisterin pit\u00e4misen peruste:<\/span><\/p>\n<ul>\n<li><span style=\"color: #ffffff; font-size: medium;\">Henkil\u00f6tietoja k\u00e4sitell\u00e4\u00e4n rekister\u00f6idyn asiakassuhteen perusteella<\/span><\/li>\n<\/ul>\n<p><span style=\"color: #ffffff; font-size: medium;\">Henkil\u00f6tietoja k\u00e4sitell\u00e4\u00e4n suostumuksen perusteella (esim. messuilla ker\u00e4tty potentiaalilista, lomakkeelle kysytty lupa markkinointiin)<\/span><\/p>\n<p><span style=\"color: #ffffff; font-size: medium;\"><strong>Henkil\u00f6tietojen k\u00e4sittelyn ja rekisterin k\u00e4ytt\u00f6tarkoitus <\/strong><\/span><\/p>\n<p><span style=\"color: #ffffff; font-size: medium;\">Henkil\u00f6tietoja k\u00e4sitell\u00e4\u00e4n vain ennalta m\u00e4\u00e4riteltyihin tarkoituksiin, jotka ovat seuraavat: <\/span><\/p>\n<ul>\n<li><span style=\"color: #ffffff; font-size: medium;\">asiakassuhteen hoitamiseen, yll\u00e4pit\u00e4miseen sek\u00e4 kehitt\u00e4miseen<\/span><\/li>\n<li><span style=\"color: #ffffff; font-size: medium;\">palveluistamme kertomiseen<\/span><\/li>\n<li><span style=\"color: #ffffff; font-size: medium;\">laskutukseen, saatavien valvontaan<\/span><\/li>\n<li><span style=\"color: #ffffff; font-size: medium;\">tuotteiden toimittamiseen<\/span><\/li>\n<li><span style=\"color: #ffffff; font-size: medium;\">palveluiden tuottamiseen<\/span><\/li>\n<li><span style=\"color: #ffffff; font-size: medium;\">uusasiakashankintaan<\/span><\/li>\n<li><span style=\"color: #ffffff; font-size: medium;\">myyntiin<\/span><\/li>\n<\/ul>\n<p><span style=\"color: #ffffff; font-size: medium;\">Yrityksemme etu on, ett\u00e4 meill\u00e4 on oikeus k\u00e4sitell\u00e4 sen henkil\u00f6n tietoja, jonka kanssa teemme yhteisty\u00f6t\u00e4.<\/span><\/p>\n<p><span style=\"color: #ffffff;\">4. Rekisteriin tallennettavat henkil\u00f6tiedot<\/span><\/p>\n<p><span style=\"color: #ffffff; font-size: medium;\">Asiakasrekisteri sis\u00e4lt\u00e4\u00e4 seuraavat tiedot:<\/span><\/p>\n<p><span style=\"color: #ffffff; font-size: medium;\">Yhteystiedot<\/span><\/p>\n<ul>\n<li><span style=\"color: #ffffff; font-size: medium;\">nimi ja osoitetiedot<\/span><\/li>\n<li><span style=\"color: #ffffff; font-size: medium;\">s\u00e4hk\u00f6posti<\/span><\/li>\n<li><span style=\"color: #ffffff; font-size: medium;\">puhelinnumero<\/span><\/li>\n<\/ul>\n<p><span style=\"color: #ffffff; font-size: medium;\">Asiakastiedot<\/span><\/p>\n<ul>\n<li><span style=\"color: #ffffff; font-size: medium;\">tiedot ostetuista tuotteista tai palveluista<\/span><\/li>\n<li><span style=\"color: #ffffff; font-size: medium;\">Y-tunnus<\/span><\/li>\n<li><span style=\"color: #ffffff; font-size: medium;\">laskutukseen tarvittavat tiedot<\/span><\/li>\n<\/ul>\n<h1><span style=\"color: #ffffff; font-size: large;\">5. Rekister\u00f6idyn oikeudet<\/span><\/h1>\n<p><span style=\"color: #ffffff; font-size: medium;\">Rekister\u00f6idyll\u00e4 on seuraavat oikeudet, joiden k\u00e4ytt\u00e4mist\u00e4 koskevat pyynn\u00f6t tulee tehd\u00e4 osoitteeseen heikki.jyrinki@tekoa.fi.<\/span><\/p>\n<p><span style=\"color: #ffffff; font-size: medium;\"><strong>Tarkastusoikeus <\/strong><\/span><\/p>\n<p><span style=\"color: #ffffff; font-size: medium;\">Rekister\u00f6ity voi tarkistaa tallentamamme henkil\u00f6tiedot.\u00a0<\/span><\/p>\n<p><span style=\"color: #ffffff; font-size: medium;\"><strong>Oikeus tietojen oikaisemiseen<\/strong><\/span><\/p>\n<p><span style=\"color: #ffffff; font-size: medium;\">Rekister\u00f6ity voi pyyt\u00e4\u00e4 oikaisemaan h\u00e4nt\u00e4 koskevat virheelliset tai puutteelliset tiedot.<\/span><\/p>\n<p><span style=\"color: #ffffff; font-size: medium;\"><strong>Vastustamisoikeus<\/strong><\/span><\/p>\n<p><span style=\"color: #ffffff; font-size: medium;\">Rekister\u00f6ity voi vastustaa henkil\u00f6tietojen k\u00e4sittely\u00e4, mik\u00e4li kokee, ett\u00e4 henkil\u00f6tietoja on k\u00e4sitelty lainvastaisesti.\u00a0<\/span><\/p>\n<p><span style=\"color: #ffffff; font-size: medium;\"><strong>Suoramarkkinointikielto<\/strong><\/span><\/p>\n<p><span style=\"color: #ffffff; font-size: medium;\">Rekister\u00f6idyll\u00e4 on oikeus kielt\u00e4\u00e4 tietojen k\u00e4ytt\u00e4minen suoramarkkinointiin.<\/span><\/p>\n<p><span style=\"color: #ffffff; font-size: medium;\"><strong>Poisto-oikeus <\/strong><\/span><\/p>\n<p><span style=\"color: #ffffff; font-size: medium;\">Rekister\u00f6idyll\u00e4 on oikeus pyyt\u00e4\u00e4 tietojen poistamista, jos tietojen k\u00e4sittely ei ole tarpeen. K\u00e4sittelemme poistopyynn\u00f6n, jonka j\u00e4lkeen joko poistamme tiedot tai ilmoitamme perustellun syyn, miksi tietoja ei voida poistaa.\u00a0<\/span><\/p>\n<p><span style=\"color: #ffffff; font-size: medium;\">On huomioitava, ett\u00e4 rekisterinpit\u00e4j\u00e4ll\u00e4 voi olla lakis\u00e4\u00e4teinen tai muu oikeus olla poistamatta pyydetty\u00e4 tietoa. Rekisterinpit\u00e4j\u00e4ll\u00e4 on velvollisuus s\u00e4ilytt\u00e4\u00e4 kirjanpitoaineisto Kirjanpitolaissa (luku 2, 10 \u00a7) m\u00e4\u00e4ritellyn ajan (10 vuotta) mukaisesti. T\u00e4m\u00e4n vuoksi kirjanpitoon liittyv\u00e4\u00e4 aineistoa ei voida poistaa ennen m\u00e4\u00e4r\u00e4ajan umpeutumista.<\/span><\/p>\n<p><span style=\"color: #ffffff; font-size: medium;\"><strong>Suostumuksen peruuttaminen<\/strong><\/span><\/p>\n<p><span style=\"color: #ffffff; font-size: medium;\">Jos rekister\u00f6ity\u00e4 koskeva henkil\u00f6tietojen k\u00e4sittely perustuu ainoastaan suostumukseen, eik\u00e4 esim. asiakkuuteen tai j\u00e4senyyteen, voi rekister\u00f6ity peruuttaa suostumuksen.<\/span><\/p>\n<p><span style=\"color: #ffffff; font-size: medium;\"><strong>Rekister\u00f6ity voi valittaa p\u00e4\u00e4t\u00f6ksest\u00e4 tietosuojavaltuutetulle<\/strong><\/span><\/p>\n<p><span style=\"color: #ffffff; font-size: medium;\">Rekister\u00f6idyll\u00e4 on oikeus vaatia, ett\u00e4 rajoitamme kiistanalaisten tietojen k\u00e4sittely\u00e4 siksi aikaa, kunnes asia saadaan ratkaistua.<\/span><\/p>\n<p><span style=\"color: #ffffff; font-size: large;\"><strong>Valitusoikeus <\/strong><\/span><\/p>\n<p><span style=\"color: #ffffff; font-size: medium;\">Rekister\u00f6idyll\u00e4 on oikeus tehd\u00e4 valitus tietosuojavaltuutetulle kantelu, jos h\u00e4n kokee, ett\u00e4 rikomme henkil\u00f6tietoja k\u00e4sitelless\u00e4mme voimassa olevaa tietosuojalains\u00e4\u00e4d\u00e4nt\u00f6\u00e4.<\/span><\/p>\n<p><span style=\"color: #ffffff; font-size: medium;\">Tietosuojavaltuutetun yhteystiedot: <a href=\"http:\/\/www.tietosuoja.fi\/fi\/index\/yhteystiedot.html\" style=\"color: #ffffff;\">www.tietosuoja.fi\/fi\/index\/yhteystiedot.html<\/a><\/span><\/p>\n<h1><span style=\"color: #ffffff; font-size: large;\">6. S\u00e4\u00e4nn\u00f6nmukaiset tietol\u00e4hteet<\/span><\/h1>\n<p><span style=\"color: #ffffff; font-size: medium;\">Toimitettavien tietojen tulisi sis\u00e4lt\u00e4\u00e4 tiedot tietol\u00e4hteiden luonteesta (esim. onko kyseess\u00e4 julkisesti vai yksityisesti yll\u00e4pidetty tietol\u00e4hde, organisaation\/toimialan\/sektorin tyyppi ja tieto siit\u00e4, mist\u00e4 tieto on per\u00e4isin (esim. EU tai ei-EU). Nimenomainen tietol\u00e4hde tulisi p\u00e4\u00e4s\u00e4\u00e4nt\u00f6isesti tarjota, jollei se ole mahdotonta.<\/span><\/p>\n<p><span style=\"color: #ffffff; font-size: medium;\">Asiakastiedot saadaan s\u00e4\u00e4nn\u00f6nmukaisesti: (kirjoita, miten ker\u00e4\u00e4tte asiakastiedon)<\/span><\/p>\n<ul>\n<li><strong style=\"color: #ffffff; font-size: medium;\">Suoraan asiakkaalta:<\/strong><span style=\"color: #ffffff; font-size: medium;\"> Asiakassuhteen hoitamista varten tarvittavat tiedot, jotka asiakas antaa palvelun tai tuotteen oston\/tilaamisen yhteydess\u00e4.<\/span><\/li>\n<li><span style=\"color: #ffffff; font-size: medium;\"><strong>Muut tiedonl\u00e4hteet:<\/strong> <\/span>\n<ul>\n<li><span style=\"color: #ffffff; font-size: medium;\"><strong>Kolmannet osapuolet:<\/strong> Asiakastiedot voivat tulla my\u00f6s ulkoisista l\u00e4hteist\u00e4, kuten luottotietoyhti\u00f6ilt\u00e4 tai markkinatutkimuspalveluista.<\/span><\/li>\n<li><span style=\"color: #ffffff; font-size: medium;\"><strong>Julkiset rekisterit:<\/strong> Tietoja voidaan saada my\u00f6s julkisista rekistereist\u00e4, kuten v\u00e4est\u00f6tietoj\u00e4rjestelm\u00e4st\u00e4 tai yritysrekisterist\u00e4, mik\u00e4li se on lain mukaan sallittua.<\/span><\/li>\n<li><span style=\"color: #ffffff; font-size: medium;\"><strong>Asiakastapaamiset tai -keskustelut:<\/strong> Asiakastiedot voivat my\u00f6s kerty\u00e4 asiakastapaamisten ja -keskusteluiden kautta, esim. messut tai muut asiakaspalvelutilanteet.<\/span><\/li>\n<li><span style=\"color: #ffffff; font-size: medium;\"><strong>Sosiaalinen media ja verkkok\u00e4ytt\u00e4ytyminen:<\/strong> Jos asiakas on antanut suostumuksensa, asiakastietoja voidaan ker\u00e4t\u00e4 my\u00f6s sosiaalisen median kanavista tai verkkok\u00e4ytt\u00e4ytymisen analysoinnin kautta.<\/span><\/li>\n<\/ul>\n<\/li>\n<\/ul>\n<h1><span style=\"color: #ffffff; font-size: large;\">7. S\u00e4\u00e4nn\u00f6nmukaiset tietojen luovutukset<\/span><\/h1>\n<p><span style=\"color: #ffffff; font-size: medium;\">Olemme varmistaneet, ett\u00e4 kaikki palveluntarjoajamme noudattavat tietosuojalains\u00e4\u00e4d\u00e4nt\u00f6\u00e4. K\u00e4yt\u00e4mme s\u00e4\u00e4nn\u00f6nmukaisesti seuraavia palvelutarjoajia:<\/span><\/p>\n<ul>\n<li><span style=\"color: #ffffff; font-size: medium;\">Cardu Manager\/uutiskirjepalvelu<\/span><\/li>\n<li><span style=\"font-size: medium;\">Profinder\/yritys- ja kuluttajadata<span style=\"color: #ffffff;\"><\/span><\/span><\/li>\n<\/ul>\n<h1><span style=\"color: #ffffff; font-size: large;\">8. K\u00e4sittelyn kesto<\/span><\/h1>\n<ul>\n<li><span style=\"color: #ffffff; font-size: medium;\">Henkil\u00f6tietoja k\u00e4sitell\u00e4\u00e4n p\u00e4\u00e4s\u00e4\u00e4nt\u00f6isesti niin kauan, kuin asiakkuus on voimassa<\/span><\/li>\n<li><span style=\"color: #ffffff; font-size: medium;\">Markkinointilistaltamme rekister\u00f6ity p\u00e4\u00e4see poistumaan itse jokaisessa l\u00e4hett\u00e4m\u00e4ss\u00e4mme markkinointis\u00e4hk\u00f6postissamme olevan linkin kautta.<\/span><\/li>\n<\/ul>\n<h1><span style=\"color: #ffffff; font-size: large;\">9. Henkil\u00f6tietojen k\u00e4sittelij\u00e4t<\/span><\/h1>\n<p><span style=\"color: #ffffff; font-size: medium;\">Asiakasrekisteri\u00e4 voivat k\u00e4sitell\u00e4 yrityksen toimitusjohtaja Heikki Jyrinki, varatoimitusjohtaja Markku Jyrinki ja Tekoa Oy:n toimistoassistentti. Lis\u00e4ksi ulkopuoliset palveluntarjoajat kuten tilitoimisto ja IT-tuki, jolloin takaamme sopimusj\u00e4rjestelyin, ett\u00e4 henkil\u00f6tietoja k\u00e4sitell\u00e4\u00e4n voimassa olevan tietosuojalains\u00e4\u00e4d\u00e4nn\u00f6n mukaisesti ja muutoin asianmukaisesti.<\/span><\/p>\n<h1><span style=\"color: #ffffff; font-size: large;\">10. Tietojen siirto EU:n ulkopuolelle<\/span><\/h1>\n<p><span style=\"color: #ffffff;\">Henkil\u00f6tietoja ei siirret\u00e4 EU:n tai Euroopan talousalueen ulkopuolelle.\u00a0<\/span><\/p>\n<h1><span style=\"color: #ffffff; font-size: large;\">11. Automaattinen p\u00e4\u00e4t\u00f6ksenteko ja profilointi<\/span><\/h1>\n<p><span style=\"color: #ffffff; font-size: medium;\">Emme k\u00e4yt\u00e4 tietoja automaattiseen p\u00e4\u00e4t\u00f6ksentekoon tai profilointiin.<\/span><\/p>\n<p>[\/et_pb_text][\/et_pb_column][\/et_pb_row][\/et_pb_section]<\/p>\n","protected":false},"excerpt":{"rendered":"<p>Tietosuojeseloste Rekisteriseloste 1. Rekisterinpit\u00e4j\u00e4 Tekoa Oy, 2045671\u20138 Yhteystiedot: Satamatie 19985180 Rahja Yhteystiedot rekisteri\u00e4 koskevissa asioissa Heikki Jyrinki Satamatie 19985180 Rahja +358 40 5863506heikki.jyrinki@tekoa.fi Tapauksen mukaan mahdollisen tietosuojavastaavan yhteystiedot: Tietosuojavastaava Heikki Jyrinki Satamatie 19985180 Rahja +358 40 5863506heikki.jyrinki@tekoa.fi 2. Rekister\u00f6idyt Yrityksemme rekisteriss\u00e4 on asiakkaat ja potentiaaliset asiakkaat. 3. Henkil\u00f6tietojen k\u00e4ytt\u00f6tarkoitus Rekisterin pit\u00e4misen peruste: Henkil\u00f6tietoja k\u00e4sitell\u00e4\u00e4n rekister\u00f6idyn [&hellip;]<\/p>\n","protected":false},"author":1,"featured_media":0,"parent":0,"menu_order":0,"comment_status":"closed","ping_status":"closed","template":"","meta":{"_et_pb_use_builder":"on","_et_pb_old_content":"<!-- wp:divi\/placeholder \/-->","_et_gb_content_width":"","footnotes":""},"class_list":["post-3253","page","type-page","status-publish","hentry"],"yoast_head":"<!-- This site is optimized with the Yoast SEO plugin v27.4 - https:\/\/yoast.com\/product\/yoast-seo-wordpress\/ -->\n<title>Tietosuojaseloste - Tekoa Oy<\/title>\n<meta name=\"robots\" content=\"index, follow, max-snippet:-1, max-image-preview:large, max-video-preview:-1\" \/>\n<link rel=\"canonical\" href=\"https:\/\/tekoa.fi\/sv\/tietosuojaseloste\/\" \/>\n<meta property=\"og:locale\" content=\"sv_SE\" \/>\n<meta property=\"og:type\" content=\"article\" \/>\n<meta property=\"og:title\" content=\"Tietosuojaseloste - Tekoa Oy\" \/>\n<meta property=\"og:description\" content=\"Tietosuojeseloste Rekisteriseloste 1. Rekisterinpit\u00e4j\u00e4 Tekoa Oy, 2045671\u20138 Yhteystiedot: Satamatie 19985180 Rahja Yhteystiedot rekisteri\u00e4 koskevissa asioissa Heikki Jyrinki Satamatie 19985180 Rahja +358 40 5863506heikki.jyrinki@tekoa.fi Tapauksen mukaan mahdollisen tietosuojavastaavan yhteystiedot: Tietosuojavastaava Heikki Jyrinki Satamatie 19985180 Rahja +358 40 5863506heikki.jyrinki@tekoa.fi 2. Rekister\u00f6idyt Yrityksemme rekisteriss\u00e4 on asiakkaat ja potentiaaliset asiakkaat. 3. Henkil\u00f6tietojen k\u00e4ytt\u00f6tarkoitus Rekisterin pit\u00e4misen peruste: Henkil\u00f6tietoja k\u00e4sitell\u00e4\u00e4n rekister\u00f6idyn [&hellip;]\" \/>\n<meta property=\"og:url\" content=\"https:\/\/tekoa.fi\/sv\/tietosuojaseloste\/\" \/>\n<meta property=\"og:site_name\" content=\"Tekoa Oy\" \/>\n<meta property=\"article:publisher\" content=\"https:\/\/www.facebook.com\/tekoaoy\" \/>\n<meta property=\"article:modified_time\" content=\"2025-03-07T09:21:33+00:00\" \/>\n<meta property=\"og:image\" content=\"https:\/\/tekoa.fi\/wp-content\/uploads\/2024\/10\/TEKOAbanner-1.png\" \/>\n\t<meta property=\"og:image:width\" content=\"1123\" \/>\n\t<meta property=\"og:image:height\" content=\"384\" \/>\n\t<meta property=\"og:image:type\" content=\"image\/png\" \/>\n<meta name=\"twitter:card\" content=\"summary_large_image\" \/>\n<meta name=\"twitter:label1\" content=\"Ber\u00e4knad l\u00e4stid\" \/>\n\t<meta name=\"twitter:data1\" content=\"5 minuter\" \/>\n<script type=\"application\/ld+json\" class=\"yoast-schema-graph\">{\"@context\":\"https:\\\/\\\/schema.org\",\"@graph\":[{\"@type\":\"WebPage\",\"@id\":\"https:\\\/\\\/tekoa.fi\\\/tietosuojaseloste\\\/\",\"url\":\"https:\\\/\\\/tekoa.fi\\\/tietosuojaseloste\\\/\",\"name\":\"Tietosuojaseloste - Tekoa Oy\",\"isPartOf\":{\"@id\":\"https:\\\/\\\/tekoa.fi\\\/#website\"},\"datePublished\":\"2024-12-19T12:52:05+00:00\",\"dateModified\":\"2025-03-07T09:21:33+00:00\",\"breadcrumb\":{\"@id\":\"https:\\\/\\\/tekoa.fi\\\/tietosuojaseloste\\\/#breadcrumb\"},\"inLanguage\":\"sv-SE\",\"potentialAction\":[{\"@type\":\"ReadAction\",\"target\":[\"https:\\\/\\\/tekoa.fi\\\/tietosuojaseloste\\\/\"]}]},{\"@type\":\"BreadcrumbList\",\"@id\":\"https:\\\/\\\/tekoa.fi\\\/tietosuojaseloste\\\/#breadcrumb\",\"itemListElement\":[{\"@type\":\"ListItem\",\"position\":1,\"name\":\"Etusivu\",\"item\":\"https:\\\/\\\/tekoa.fi\\\/\"},{\"@type\":\"ListItem\",\"position\":2,\"name\":\"Tietosuojaseloste\"}]},{\"@type\":\"WebSite\",\"@id\":\"https:\\\/\\\/tekoa.fi\\\/#website\",\"url\":\"https:\\\/\\\/tekoa.fi\\\/\",\"name\":\"Tekoa Oy\",\"description\":\"Konepaja\",\"publisher\":{\"@id\":\"https:\\\/\\\/tekoa.fi\\\/#organization\"},\"potentialAction\":[{\"@type\":\"SearchAction\",\"target\":{\"@type\":\"EntryPoint\",\"urlTemplate\":\"https:\\\/\\\/tekoa.fi\\\/?s={search_term_string}\"},\"query-input\":{\"@type\":\"PropertyValueSpecification\",\"valueRequired\":true,\"valueName\":\"search_term_string\"}}],\"inLanguage\":\"sv-SE\"},{\"@type\":\"Organization\",\"@id\":\"https:\\\/\\\/tekoa.fi\\\/#organization\",\"name\":\"Tekoa Oy\",\"url\":\"https:\\\/\\\/tekoa.fi\\\/\",\"logo\":{\"@type\":\"ImageObject\",\"inLanguage\":\"sv-SE\",\"@id\":\"https:\\\/\\\/tekoa.fi\\\/#\\\/schema\\\/logo\\\/image\\\/\",\"url\":\"https:\\\/\\\/tekoa.fi\\\/wp-content\\\/uploads\\\/2024\\\/10\\\/TEKOAbanner-1.png\",\"contentUrl\":\"https:\\\/\\\/tekoa.fi\\\/wp-content\\\/uploads\\\/2024\\\/10\\\/TEKOAbanner-1.png\",\"width\":1123,\"height\":384,\"caption\":\"Tekoa Oy\"},\"image\":{\"@id\":\"https:\\\/\\\/tekoa.fi\\\/#\\\/schema\\\/logo\\\/image\\\/\"},\"sameAs\":[\"https:\\\/\\\/www.facebook.com\\\/tekoaoy\",\"https:\\\/\\\/www.instagram.com\\\/tekoaoy\\\/\",\"https:\\\/\\\/www.linkedin.com\\\/company\\\/tekoa-oy\"]}]}<\/script>\n<!-- \/ Yoast SEO plugin. -->","yoast_head_json":{"title":"Tietosuojaseloste - Tekoa Oy","robots":{"index":"index","follow":"follow","max-snippet":"max-snippet:-1","max-image-preview":"max-image-preview:large","max-video-preview":"max-video-preview:-1"},"canonical":"https:\/\/tekoa.fi\/sv\/tietosuojaseloste\/","og_locale":"sv_SE","og_type":"article","og_title":"Tietosuojaseloste - Tekoa Oy","og_description":"Tietosuojeseloste Rekisteriseloste 1. Rekisterinpit\u00e4j\u00e4 Tekoa Oy, 2045671\u20138 Yhteystiedot: Satamatie 19985180 Rahja Yhteystiedot rekisteri\u00e4 koskevissa asioissa Heikki Jyrinki Satamatie 19985180 Rahja +358 40 5863506heikki.jyrinki@tekoa.fi Tapauksen mukaan mahdollisen tietosuojavastaavan yhteystiedot: Tietosuojavastaava Heikki Jyrinki Satamatie 19985180 Rahja +358 40 5863506heikki.jyrinki@tekoa.fi 2. Rekister\u00f6idyt Yrityksemme rekisteriss\u00e4 on asiakkaat ja potentiaaliset asiakkaat. 3. Henkil\u00f6tietojen k\u00e4ytt\u00f6tarkoitus Rekisterin pit\u00e4misen peruste: Henkil\u00f6tietoja k\u00e4sitell\u00e4\u00e4n rekister\u00f6idyn [&hellip;]","og_url":"https:\/\/tekoa.fi\/sv\/tietosuojaseloste\/","og_site_name":"Tekoa Oy","article_publisher":"https:\/\/www.facebook.com\/tekoaoy","article_modified_time":"2025-03-07T09:21:33+00:00","og_image":[{"width":1123,"height":384,"url":"https:\/\/tekoa.fi\/wp-content\/uploads\/2024\/10\/TEKOAbanner-1.png","type":"image\/png"}],"twitter_card":"summary_large_image","twitter_misc":{"Ber\u00e4knad l\u00e4stid":"5 minuter"},"schema":{"@context":"https:\/\/schema.org","@graph":[{"@type":"WebPage","@id":"https:\/\/tekoa.fi\/tietosuojaseloste\/","url":"https:\/\/tekoa.fi\/tietosuojaseloste\/","name":"Tietosuojaseloste - Tekoa Oy","isPartOf":{"@id":"https:\/\/tekoa.fi\/#website"},"datePublished":"2024-12-19T12:52:05+00:00","dateModified":"2025-03-07T09:21:33+00:00","breadcrumb":{"@id":"https:\/\/tekoa.fi\/tietosuojaseloste\/#breadcrumb"},"inLanguage":"sv-SE","potentialAction":[{"@type":"ReadAction","target":["https:\/\/tekoa.fi\/tietosuojaseloste\/"]}]},{"@type":"BreadcrumbList","@id":"https:\/\/tekoa.fi\/tietosuojaseloste\/#breadcrumb","itemListElement":[{"@type":"ListItem","position":1,"name":"Etusivu","item":"https:\/\/tekoa.fi\/"},{"@type":"ListItem","position":2,"name":"Tietosuojaseloste"}]},{"@type":"WebSite","@id":"https:\/\/tekoa.fi\/#website","url":"https:\/\/tekoa.fi\/","name":"Tekoa Oy","description":"Konepaja","publisher":{"@id":"https:\/\/tekoa.fi\/#organization"},"potentialAction":[{"@type":"SearchAction","target":{"@type":"EntryPoint","urlTemplate":"https:\/\/tekoa.fi\/?s={search_term_string}"},"query-input":{"@type":"PropertyValueSpecification","valueRequired":true,"valueName":"search_term_string"}}],"inLanguage":"sv-SE"},{"@type":"Organization","@id":"https:\/\/tekoa.fi\/#organization","name":"Tekoa Oy","url":"https:\/\/tekoa.fi\/","logo":{"@type":"ImageObject","inLanguage":"sv-SE","@id":"https:\/\/tekoa.fi\/#\/schema\/logo\/image\/","url":"https:\/\/tekoa.fi\/wp-content\/uploads\/2024\/10\/TEKOAbanner-1.png","contentUrl":"https:\/\/tekoa.fi\/wp-content\/uploads\/2024\/10\/TEKOAbanner-1.png","width":1123,"height":384,"caption":"Tekoa Oy"},"image":{"@id":"https:\/\/tekoa.fi\/#\/schema\/logo\/image\/"},"sameAs":["https:\/\/www.facebook.com\/tekoaoy","https:\/\/www.instagram.com\/tekoaoy\/","https:\/\/www.linkedin.com\/company\/tekoa-oy"]}]}},"_links":{"self":[{"href":"https:\/\/tekoa.fi\/sv\/wp-json\/wp\/v2\/pages\/3253","targetHints":{"allow":["GET"]}}],"collection":[{"href":"https:\/\/tekoa.fi\/sv\/wp-json\/wp\/v2\/pages"}],"about":[{"href":"https:\/\/tekoa.fi\/sv\/wp-json\/wp\/v2\/types\/page"}],"author":[{"embeddable":true,"href":"https:\/\/tekoa.fi\/sv\/wp-json\/wp\/v2\/users\/1"}],"replies":[{"embeddable":true,"href":"https:\/\/tekoa.fi\/sv\/wp-json\/wp\/v2\/comments?post=3253"}],"version-history":[{"count":9,"href":"https:\/\/tekoa.fi\/sv\/wp-json\/wp\/v2\/pages\/3253\/revisions"}],"predecessor-version":[{"id":3353,"href":"https:\/\/tekoa.fi\/sv\/wp-json\/wp\/v2\/pages\/3253\/revisions\/3353"}],"wp:attachment":[{"href":"https:\/\/tekoa.fi\/sv\/wp-json\/wp\/v2\/media?parent=3253"}],"curies":[{"name":"wp","href":"https:\/\/api.w.org\/{rel}","templated":true}]}}