{"id":2026,"date":"2022-10-07T12:55:39","date_gmt":"2022-10-07T12:55:39","guid":{"rendered":"https:\/\/pilar-demo.fi\/tekoa\/?page_id=2026"},"modified":"2024-09-26T10:53:58","modified_gmt":"2024-09-26T10:53:58","slug":"rulla-kiekko-rata","status":"publish","type":"page","link":"https:\/\/tekoa.fi\/sv\/rulla-kiekko-rata\/","title":{"rendered":"RULLA\/KIEKKO RATA"},"content":{"rendered":"<p>[et_pb_section fb_built=&#8221;1&#8243; disabled_on=&#8221;on|off|off&#8221; _builder_version=&#8221;4.16&#8243; _module_preset=&#8221;default&#8221; background_color=&#8221;rgba(0,0,0,0.46)&#8221; background_image=&#8221;https:\/\/tekoa.fi\/wp-content\/uploads\/2022\/02\/rullarata-scaled.jpg&#8221; background_blend=&#8221;overlay&#8221; custom_padding=&#8221;274px||274px||true|false&#8221; global_colors_info=&#8221;{}&#8221;][et_pb_row _builder_version=&#8221;4.16&#8243; _module_preset=&#8221;default&#8221; global_colors_info=&#8221;{}&#8221;][et_pb_column type=&#8221;4_4&#8243; _builder_version=&#8221;4.16&#8243; _module_preset=&#8221;default&#8221; global_colors_info=&#8221;{}&#8221;][et_pb_text _builder_version=&#8221;4.16&#8243; _module_preset=&#8221;default&#8221; text_font=&#8221;|700||on|||||&#8221; text_text_color=&#8221;#FFFFFF&#8221; text_font_size=&#8221;48px&#8221; text_orientation=&#8221;center&#8221; custom_padding=&#8221;32px||32px||true|false&#8221; text_font_size_tablet=&#8221;&#8221; text_font_size_phone=&#8221;30px&#8221; text_font_size_last_edited=&#8221;on|phone&#8221; text_line_height_tablet=&#8221;&#8221; text_line_height_phone=&#8221;1.5em&#8221; text_line_height_last_edited=&#8221;on|phone&#8221; global_colors_info=&#8221;{}&#8221;]<\/p>\n<p>Rulla\/KIEKKOrata<\/p>\n<p>[\/et_pb_text][\/et_pb_column][\/et_pb_row][\/et_pb_section][et_pb_section fb_built=&#8221;1&#8243; custom_padding_last_edited=&#8221;on|phone&#8221; disabled_on=&#8221;off|off|on&#8221; _builder_version=&#8221;4.16&#8243; _module_preset=&#8221;default&#8221; background_color=&#8221;rgba(0,0,0,0.46)&#8221; background_image=&#8221;https:\/\/tekoa.fi\/wp-content\/uploads\/2022\/02\/rullarata-scaled.jpg&#8221; background_blend=&#8221;overlay&#8221; custom_padding=&#8221;164px||33px||false|false&#8221; custom_padding_tablet=&#8221;&#8221; custom_padding_phone=&#8221;50px||52px||false|false&#8221; global_colors_info=&#8221;{}&#8221;][et_pb_row _builder_version=&#8221;4.16&#8243; _module_preset=&#8221;default&#8221; global_colors_info=&#8221;{}&#8221;][et_pb_column type=&#8221;4_4&#8243; _builder_version=&#8221;4.16&#8243; _module_preset=&#8221;default&#8221; global_colors_info=&#8221;{}&#8221;][et_pb_text _builder_version=&#8221;4.16&#8243; _module_preset=&#8221;default&#8221; text_font=&#8221;|700||on|||||&#8221; text_text_color=&#8221;#FFFFFF&#8221; text_font_size=&#8221;48px&#8221; text_orientation=&#8221;center&#8221; custom_padding=&#8221;32px||32px||true|false&#8221; text_font_size_tablet=&#8221;&#8221; text_font_size_phone=&#8221;30px&#8221; text_font_size_last_edited=&#8221;on|phone&#8221; text_line_height_tablet=&#8221;&#8221; text_line_height_phone=&#8221;1.5em&#8221; text_line_height_last_edited=&#8221;on|phone&#8221; global_colors_info=&#8221;{}&#8221;]<\/p>\n<p>Rulla\/KIEKKO rata<\/p>\n<p>[\/et_pb_text][\/et_pb_column][\/et_pb_row][\/et_pb_section][et_pb_section fb_built=&#8221;1&#8243; disabled_on=&#8221;on|off|off&#8221; _builder_version=&#8221;4.16&#8243; _module_preset=&#8221;default&#8221; custom_padding=&#8221;0px||0px||true|false&#8221; global_colors_info=&#8221;{}&#8221;][et_pb_row column_structure=&#8221;1_2,1_2&#8243; _builder_version=&#8221;4.16&#8243; _module_preset=&#8221;default&#8221; custom_padding=&#8221;0px||0px||true|false&#8221; global_colors_info=&#8221;{}&#8221;][et_pb_column type=&#8221;1_2&#8243; _builder_version=&#8221;4.16&#8243; _module_preset=&#8221;default&#8221; global_colors_info=&#8221;{}&#8221;][et_pb_text _builder_version=&#8221;4.16&#8243; _module_preset=&#8221;default&#8221; text_font=&#8221;|700||on|||||&#8221; text_text_color=&#8221;#000000&#8243; text_font_size=&#8221;16px&#8221; text_line_height=&#8221;1.6em&#8221; text_orientation=&#8221;center&#8221; max_width=&#8221;100%&#8221; custom_margin=&#8221;|||-2px|false|false&#8221; custom_padding=&#8221;20px||20px||true|false&#8221; link_option_url=&#8221;https:\/\/tekoa.fi\/kuljettimet\/&#8221; global_colors_info=&#8221;{}&#8221;]<\/p>\n<p>Muut tuoteet<\/p>\n<p>[\/et_pb_text][\/et_pb_column][et_pb_column type=&#8221;1_2&#8243; _builder_version=&#8221;4.16&#8243; _module_preset=&#8221;default&#8221; global_colors_info=&#8221;{}&#8221;][et_pb_text _builder_version=&#8221;4.16&#8243; _module_preset=&#8221;default&#8221; text_font=&#8221;|700||on|||||&#8221; text_text_color=&#8221;#000000&#8243; text_font_size=&#8221;16px&#8221; text_line_height=&#8221;1.6em&#8221; text_orientation=&#8221;center&#8221; max_width=&#8221;100%&#8221; custom_margin=&#8221;|||-2px|false|false&#8221; custom_padding=&#8221;20px||20px||true|false&#8221; link_option_url=&#8221;https:\/\/tekoa.fi\/index.php\/yhteystiedot\/&#8221; global_colors_info=&#8221;{}&#8221;]<\/p>\n<p>OTA YHTEYTT\u00c4<\/p>\n<p>[\/et_pb_text][\/et_pb_column][\/et_pb_row][\/et_pb_section][et_pb_section fb_built=&#8221;1&#8243; module_id=&#8221;lisatietoa&#8221; _builder_version=&#8221;4.16&#8243; _module_preset=&#8221;default&#8221; background_color=&#8221;rgba(0,0,0,0.91)&#8221; custom_padding=&#8221;||82px|||&#8221; global_colors_info=&#8221;{}&#8221;][et_pb_row custom_padding_last_edited=&#8221;on|phone&#8221; _builder_version=&#8221;4.16&#8243; _module_preset=&#8221;default&#8221; custom_padding_tablet=&#8221;&#8221; custom_padding_phone=&#8221;||0px||false|false&#8221; global_colors_info=&#8221;{}&#8221;][et_pb_column type=&#8221;4_4&#8243; _builder_version=&#8221;4.16&#8243; _module_preset=&#8221;default&#8221; global_colors_info=&#8221;{}&#8221;][et_pb_text _builder_version=&#8221;4.16&#8243; _module_preset=&#8221;default&#8221; text_font=&#8221;|700||on|||||&#8221; text_text_color=&#8221;#FFFFFF&#8221; text_font_size=&#8221;29px&#8221; text_orientation=&#8221;center&#8221; custom_margin=&#8221;51px|||||&#8221; custom_padding=&#8221;32px||32px||true|false&#8221; text_font_size_tablet=&#8221;&#8221; text_font_size_phone=&#8221;25px&#8221; text_font_size_last_edited=&#8221;on|phone&#8221; text_line_height_tablet=&#8221;&#8221; text_line_height_phone=&#8221;1.6em&#8221; text_line_height_last_edited=&#8221;on|phone&#8221; global_colors_info=&#8221;{}&#8221;]<\/p>\n<p>Rulla\/KIEKKOrata<\/p>\n<p>[\/et_pb_text][et_pb_divider color=&#8221;#e14809&#8243; divider_weight=&#8221;7px&#8221; disabled_on=&#8221;off|off|on&#8221; _builder_version=&#8221;4.16&#8243; _module_preset=&#8221;default&#8221; custom_margin_tablet=&#8221;&#8221; custom_margin_phone=&#8221;-46px|117px|60px|117px|false|true&#8221; custom_margin_last_edited=&#8221;on|phone&#8221; global_colors_info=&#8221;{}&#8221;][\/et_pb_divider][et_pb_divider color=&#8221;#e14809&#8243; divider_weight=&#8221;6px&#8221; _builder_version=&#8221;4.16&#8243; _module_preset=&#8221;default&#8221; custom_margin=&#8221;-38px|495px||495px|false|true&#8221; global_colors_info=&#8221;{}&#8221;][\/et_pb_divider][\/et_pb_column][\/et_pb_row][et_pb_row column_structure=&#8221;3_5,2_5&#8243; _builder_version=&#8221;4.16&#8243; _module_preset=&#8221;default&#8221; custom_margin_tablet=&#8221;&#8221; custom_margin_phone=&#8221;-27px||||false|false&#8221; custom_margin_last_edited=&#8221;on|phone&#8221; global_colors_info=&#8221;{}&#8221;][et_pb_column type=&#8221;3_5&#8243; _builder_version=&#8221;4.16&#8243; _module_preset=&#8221;default&#8221; global_colors_info=&#8221;{}&#8221;][et_pb_image src=&#8221;https:\/\/tekoa.fi\/wp-content\/uploads\/2022\/02\/rullarata-scaled.jpg&#8221; title_text=&#8221;rullarata&#8221; _builder_version=&#8221;4.16&#8243; _module_preset=&#8221;default&#8221; width=&#8221;100%&#8221; module_alignment=&#8221;center&#8221; global_colors_info=&#8221;{}&#8221;][\/et_pb_image][\/et_pb_column][et_pb_column type=&#8221;2_5&#8243; _builder_version=&#8221;4.16&#8243; _module_preset=&#8221;default&#8221; global_colors_info=&#8221;{}&#8221;][et_pb_text _builder_version=&#8221;4.16&#8243; _module_preset=&#8221;default&#8221; text_text_color=&#8221;#FFFFFF&#8221; width=&#8221;112%&#8221; text_font_size_tablet=&#8221;&#8221; text_font_size_phone=&#8221;16px&#8221; text_font_size_last_edited=&#8221;on|phone&#8221; global_colors_info=&#8221;{}&#8221;]<\/p>\n<p>Vapaasti py\u00f6rivill\u00e4 rullilla tai kiekoilla varustettu rata, joka helpottaa materiaalin k\u00e4sittely\u00e4.<\/p>\n<p>Mahdollista valmistaa my\u00f6s haitarimallina ja jalat rullilla, jolloin soveltuu monen laiseen tilaan ja helppo siirt\u00e4\u00e4 paikasta toiseen aina tarpeen mukaan.<\/p>\n<p>[\/et_pb_text][et_pb_wc_add_to_cart product=&#8221;1719&#8243; show_quantity=&#8221;off&#8221; show_stock=&#8221;off&#8221; _builder_version=&#8221;4.16&#8243; _module_preset=&#8221;default&#8221; custom_button=&#8221;on&#8221; button_text_size=&#8221;16px&#8221; button_text_color=&#8221;#FFFFFF&#8221; button_bg_color=&#8221;#e14809&#8243; button_border_width=&#8221;0px&#8221; button_border_radius=&#8221;0px&#8221; button_letter_spacing=&#8221;2px&#8221; button_font=&#8221;|||on|||||&#8221; button_use_icon=&#8221;off&#8221; button_custom_padding=&#8221;12px|25px|12px|25px|false|false&#8221; global_colors_info=&#8221;{}&#8221;][\/et_pb_wc_add_to_cart][\/et_pb_column][\/et_pb_row][\/et_pb_section]<\/p>\n","protected":false},"excerpt":{"rendered":"<p>Rulla\/KIEKKOrataRulla\/KIEKKO rataMuut tuoteetOTA YHTEYTT\u00c4Rulla\/KIEKKOrataVapaasti py\u00f6rivill\u00e4 rullilla tai kiekoilla varustettu rata, joka helpottaa materiaalin k\u00e4sittely\u00e4. Mahdollista valmistaa my\u00f6s haitarimallina ja jalat rullilla, jolloin soveltuu monen laiseen tilaan ja helppo siirt\u00e4\u00e4 paikasta toiseen aina tarpeen mukaan.<\/p>","protected":false},"author":1,"featured_media":0,"parent":0,"menu_order":0,"comment_status":"closed","ping_status":"closed","template":"","meta":{"_et_pb_use_builder":"on","_et_pb_old_content":"","_et_gb_content_width":"","footnotes":""},"class_list":["post-2026","page","type-page","status-publish","hentry"],"yoast_head":"<!-- This site is optimized with the Yoast SEO plugin v27.4 - https:\/\/yoast.com\/product\/yoast-seo-wordpress\/ -->\n<title>RULLA\/KIEKKO RATA - Tekoa Oy<\/title>\n<meta name=\"robots\" content=\"index, follow, max-snippet:-1, max-image-preview:large, max-video-preview:-1\" \/>\n<link rel=\"canonical\" href=\"https:\/\/tekoa.fi\/sv\/rulla-kiekko-rata\/\" \/>\n<meta property=\"og:locale\" content=\"sv_SE\" \/>\n<meta property=\"og:type\" content=\"article\" \/>\n<meta property=\"og:title\" content=\"RULLA\/KIEKKO RATA - Tekoa Oy\" \/>\n<meta property=\"og:description\" content=\"Rulla\/KIEKKOrataRulla\/KIEKKO rataMuut tuoteetOTA YHTEYTT\u00c4Rulla\/KIEKKOrataVapaasti py\u00f6rivill\u00e4 rullilla tai kiekoilla varustettu rata, joka helpottaa materiaalin k\u00e4sittely\u00e4. Mahdollista valmistaa my\u00f6s haitarimallina ja jalat rullilla, jolloin soveltuu monen laiseen tilaan ja helppo siirt\u00e4\u00e4 paikasta toiseen aina tarpeen mukaan.\" \/>\n<meta property=\"og:url\" content=\"https:\/\/tekoa.fi\/sv\/rulla-kiekko-rata\/\" \/>\n<meta property=\"og:site_name\" content=\"Tekoa Oy\" \/>\n<meta property=\"article:publisher\" content=\"https:\/\/www.facebook.com\/tekoaoy\" \/>\n<meta property=\"article:modified_time\" content=\"2024-09-26T10:53:58+00:00\" \/>\n<meta property=\"og:image\" content=\"https:\/\/tekoa.fi\/wp-content\/uploads\/2024\/10\/TEKOAbanner-1.png\" \/>\n\t<meta property=\"og:image:width\" content=\"1123\" \/>\n\t<meta property=\"og:image:height\" content=\"384\" \/>\n\t<meta property=\"og:image:type\" content=\"image\/png\" \/>\n<meta name=\"twitter:card\" content=\"summary_large_image\" \/>\n<meta name=\"twitter:label1\" content=\"Ber\u00e4knad l\u00e4stid\" \/>\n\t<meta name=\"twitter:data1\" content=\"5 minuter\" \/>\n<script type=\"application\/ld+json\" class=\"yoast-schema-graph\">{\"@context\":\"https:\\\/\\\/schema.org\",\"@graph\":[{\"@type\":\"WebPage\",\"@id\":\"https:\\\/\\\/tekoa.fi\\\/rulla-kiekko-rata\\\/\",\"url\":\"https:\\\/\\\/tekoa.fi\\\/rulla-kiekko-rata\\\/\",\"name\":\"RULLA\\\/KIEKKO RATA - Tekoa Oy\",\"isPartOf\":{\"@id\":\"https:\\\/\\\/tekoa.fi\\\/#website\"},\"datePublished\":\"2022-10-07T12:55:39+00:00\",\"dateModified\":\"2024-09-26T10:53:58+00:00\",\"breadcrumb\":{\"@id\":\"https:\\\/\\\/tekoa.fi\\\/rulla-kiekko-rata\\\/#breadcrumb\"},\"inLanguage\":\"sv-SE\",\"potentialAction\":[{\"@type\":\"ReadAction\",\"target\":[\"https:\\\/\\\/tekoa.fi\\\/rulla-kiekko-rata\\\/\"]}]},{\"@type\":\"BreadcrumbList\",\"@id\":\"https:\\\/\\\/tekoa.fi\\\/rulla-kiekko-rata\\\/#breadcrumb\",\"itemListElement\":[{\"@type\":\"ListItem\",\"position\":1,\"name\":\"Etusivu\",\"item\":\"https:\\\/\\\/tekoa.fi\\\/\"},{\"@type\":\"ListItem\",\"position\":2,\"name\":\"RULLA\\\/KIEKKO RATA\"}]},{\"@type\":\"WebSite\",\"@id\":\"https:\\\/\\\/tekoa.fi\\\/#website\",\"url\":\"https:\\\/\\\/tekoa.fi\\\/\",\"name\":\"Tekoa Oy\",\"description\":\"Konepaja\",\"publisher\":{\"@id\":\"https:\\\/\\\/tekoa.fi\\\/#organization\"},\"potentialAction\":[{\"@type\":\"SearchAction\",\"target\":{\"@type\":\"EntryPoint\",\"urlTemplate\":\"https:\\\/\\\/tekoa.fi\\\/?s={search_term_string}\"},\"query-input\":{\"@type\":\"PropertyValueSpecification\",\"valueRequired\":true,\"valueName\":\"search_term_string\"}}],\"inLanguage\":\"sv-SE\"},{\"@type\":\"Organization\",\"@id\":\"https:\\\/\\\/tekoa.fi\\\/#organization\",\"name\":\"Tekoa Oy\",\"url\":\"https:\\\/\\\/tekoa.fi\\\/\",\"logo\":{\"@type\":\"ImageObject\",\"inLanguage\":\"sv-SE\",\"@id\":\"https:\\\/\\\/tekoa.fi\\\/#\\\/schema\\\/logo\\\/image\\\/\",\"url\":\"https:\\\/\\\/tekoa.fi\\\/wp-content\\\/uploads\\\/2024\\\/10\\\/TEKOAbanner-1.png\",\"contentUrl\":\"https:\\\/\\\/tekoa.fi\\\/wp-content\\\/uploads\\\/2024\\\/10\\\/TEKOAbanner-1.png\",\"width\":1123,\"height\":384,\"caption\":\"Tekoa Oy\"},\"image\":{\"@id\":\"https:\\\/\\\/tekoa.fi\\\/#\\\/schema\\\/logo\\\/image\\\/\"},\"sameAs\":[\"https:\\\/\\\/www.facebook.com\\\/tekoaoy\",\"https:\\\/\\\/www.instagram.com\\\/tekoaoy\\\/\",\"https:\\\/\\\/www.linkedin.com\\\/company\\\/tekoa-oy\"]}]}<\/script>\n<!-- \/ Yoast SEO plugin. -->","yoast_head_json":{"title":"RULLA\/KIEKKO RATA - Tekoa Oy","robots":{"index":"index","follow":"follow","max-snippet":"max-snippet:-1","max-image-preview":"max-image-preview:large","max-video-preview":"max-video-preview:-1"},"canonical":"https:\/\/tekoa.fi\/sv\/rulla-kiekko-rata\/","og_locale":"sv_SE","og_type":"article","og_title":"RULLA\/KIEKKO RATA - Tekoa Oy","og_description":"Rulla\/KIEKKOrataRulla\/KIEKKO rataMuut tuoteetOTA YHTEYTT\u00c4Rulla\/KIEKKOrataVapaasti py\u00f6rivill\u00e4 rullilla tai kiekoilla varustettu rata, joka helpottaa materiaalin k\u00e4sittely\u00e4. Mahdollista valmistaa my\u00f6s haitarimallina ja jalat rullilla, jolloin soveltuu monen laiseen tilaan ja helppo siirt\u00e4\u00e4 paikasta toiseen aina tarpeen mukaan.","og_url":"https:\/\/tekoa.fi\/sv\/rulla-kiekko-rata\/","og_site_name":"Tekoa Oy","article_publisher":"https:\/\/www.facebook.com\/tekoaoy","article_modified_time":"2024-09-26T10:53:58+00:00","og_image":[{"width":1123,"height":384,"url":"https:\/\/tekoa.fi\/wp-content\/uploads\/2024\/10\/TEKOAbanner-1.png","type":"image\/png"}],"twitter_card":"summary_large_image","twitter_misc":{"Ber\u00e4knad l\u00e4stid":"5 minuter"},"schema":{"@context":"https:\/\/schema.org","@graph":[{"@type":"WebPage","@id":"https:\/\/tekoa.fi\/rulla-kiekko-rata\/","url":"https:\/\/tekoa.fi\/rulla-kiekko-rata\/","name":"RULLA\/KIEKKO RATA - Tekoa Oy","isPartOf":{"@id":"https:\/\/tekoa.fi\/#website"},"datePublished":"2022-10-07T12:55:39+00:00","dateModified":"2024-09-26T10:53:58+00:00","breadcrumb":{"@id":"https:\/\/tekoa.fi\/rulla-kiekko-rata\/#breadcrumb"},"inLanguage":"sv-SE","potentialAction":[{"@type":"ReadAction","target":["https:\/\/tekoa.fi\/rulla-kiekko-rata\/"]}]},{"@type":"BreadcrumbList","@id":"https:\/\/tekoa.fi\/rulla-kiekko-rata\/#breadcrumb","itemListElement":[{"@type":"ListItem","position":1,"name":"Etusivu","item":"https:\/\/tekoa.fi\/"},{"@type":"ListItem","position":2,"name":"RULLA\/KIEKKO RATA"}]},{"@type":"WebSite","@id":"https:\/\/tekoa.fi\/#website","url":"https:\/\/tekoa.fi\/","name":"Tekoa Oy","description":"Konepaja","publisher":{"@id":"https:\/\/tekoa.fi\/#organization"},"potentialAction":[{"@type":"SearchAction","target":{"@type":"EntryPoint","urlTemplate":"https:\/\/tekoa.fi\/?s={search_term_string}"},"query-input":{"@type":"PropertyValueSpecification","valueRequired":true,"valueName":"search_term_string"}}],"inLanguage":"sv-SE"},{"@type":"Organization","@id":"https:\/\/tekoa.fi\/#organization","name":"Tekoa Oy","url":"https:\/\/tekoa.fi\/","logo":{"@type":"ImageObject","inLanguage":"sv-SE","@id":"https:\/\/tekoa.fi\/#\/schema\/logo\/image\/","url":"https:\/\/tekoa.fi\/wp-content\/uploads\/2024\/10\/TEKOAbanner-1.png","contentUrl":"https:\/\/tekoa.fi\/wp-content\/uploads\/2024\/10\/TEKOAbanner-1.png","width":1123,"height":384,"caption":"Tekoa Oy"},"image":{"@id":"https:\/\/tekoa.fi\/#\/schema\/logo\/image\/"},"sameAs":["https:\/\/www.facebook.com\/tekoaoy","https:\/\/www.instagram.com\/tekoaoy\/","https:\/\/www.linkedin.com\/company\/tekoa-oy"]}]}},"_links":{"self":[{"href":"https:\/\/tekoa.fi\/sv\/wp-json\/wp\/v2\/pages\/2026","targetHints":{"allow":["GET"]}}],"collection":[{"href":"https:\/\/tekoa.fi\/sv\/wp-json\/wp\/v2\/pages"}],"about":[{"href":"https:\/\/tekoa.fi\/sv\/wp-json\/wp\/v2\/types\/page"}],"author":[{"embeddable":true,"href":"https:\/\/tekoa.fi\/sv\/wp-json\/wp\/v2\/users\/1"}],"replies":[{"embeddable":true,"href":"https:\/\/tekoa.fi\/sv\/wp-json\/wp\/v2\/comments?post=2026"}],"version-history":[{"count":9,"href":"https:\/\/tekoa.fi\/sv\/wp-json\/wp\/v2\/pages\/2026\/revisions"}],"predecessor-version":[{"id":2510,"href":"https:\/\/tekoa.fi\/sv\/wp-json\/wp\/v2\/pages\/2026\/revisions\/2510"}],"wp:attachment":[{"href":"https:\/\/tekoa.fi\/sv\/wp-json\/wp\/v2\/media?parent=2026"}],"curies":[{"name":"wp","href":"https:\/\/api.w.org\/{rel}","templated":true}]}}