{"id":1556,"date":"2022-01-28T23:01:57","date_gmt":"2022-01-28T23:01:57","guid":{"rendered":"http:\/\/pilar-demo.fi\/tekoa\/?page_id=1556"},"modified":"2024-10-10T04:24:53","modified_gmt":"2024-10-10T04:24:53","slug":"soliflex-pro-kuljetin","status":"publish","type":"page","link":"https:\/\/tekoa.fi\/sv\/soliflex-pro-kuljetin\/","title":{"rendered":"Soliflex PRO transport\u00f6r"},"content":{"rendered":"<p>[et_pb_section fb_built=&#8221;1&#8243; disabled_on=&#8221;on|off|off&#8221; _builder_version=&#8221;4.16&#8243; _module_preset=&#8221;default&#8221; background_color=&#8221;rgba(0,0,0,0.46)&#8221; background_image=&#8221;https:\/\/tekoa.fi\/wp-content\/uploads\/2023\/02\/Soliflex-PRO-kuljetin-scaled.jpg&#8221; background_position=&#8221;top_center&#8221; background_blend=&#8221;overlay&#8221; custom_padding=&#8221;164px||33px||false|false&#8221; global_colors_info=&#8221;{}&#8221;][et_pb_row _builder_version=&#8221;4.16&#8243; _module_preset=&#8221;default&#8221; global_colors_info=&#8221;{}&#8221;][et_pb_column type=&#8221;4_4&#8243; _builder_version=&#8221;4.16&#8243; _module_preset=&#8221;default&#8221; global_colors_info=&#8221;{}&#8221;][et_pb_text _builder_version=&#8221;4.16&#8243; _module_preset=&#8221;default&#8221; text_font=&#8221;|700||on|||||&#8221; text_text_color=&#8221;#FFFFFF&#8221; text_font_size=&#8221;48px&#8221; text_orientation=&#8221;center&#8221; custom_padding=&#8221;32px||32px||true|false&#8221; text_font_size_tablet=&#8221;&#8221; text_font_size_phone=&#8221;30px&#8221; text_font_size_last_edited=&#8221;on|phone&#8221; text_line_height_tablet=&#8221;&#8221; text_line_height_phone=&#8221;1.5em&#8221; text_line_height_last_edited=&#8221;on|phone&#8221; global_colors_info=&#8221;{}&#8221;]<\/p>\n<p>Soliflex PRO kuljetin<\/p>\n<p>[\/et_pb_text][\/et_pb_column][\/et_pb_row][et_pb_row column_structure=&#8221;1_5,1_5,1_5,1_5,1_5&#8243; _builder_version=&#8221;4.16&#8243; _module_preset=&#8221;default&#8221; custom_padding=&#8221;109px|||||&#8221; global_colors_info=&#8221;{}&#8221;][et_pb_column type=&#8221;1_5&#8243; _builder_version=&#8221;4.16&#8243; _module_preset=&#8221;default&#8221; global_colors_info=&#8221;{}&#8221;][et_pb_text _builder_version=&#8221;4.16&#8243; _module_preset=&#8221;default&#8221; text_font=&#8221;|700||on|||||&#8221; text_text_color=&#8221;#FFFFFF&#8221; text_font_size=&#8221;19px&#8221; text_line_height=&#8221;1.6em&#8221; text_orientation=&#8221;center&#8221; width=&#8221;120%&#8221; max_width=&#8221;150%&#8221; custom_margin=&#8221;|||-2px|false|false&#8221; custom_padding=&#8221;72px||32px||false|false&#8221; global_colors_info=&#8221;{}&#8221;]<\/p>\n<p>Helppo ja nopea puhdistaa<\/p>\n<p>[\/et_pb_text][\/et_pb_column][et_pb_column type=&#8221;1_5&#8243; _builder_version=&#8221;4.16&#8243; _module_preset=&#8221;default&#8221; global_colors_info=&#8221;{}&#8221;][et_pb_divider color=&#8221;#FFFFFF&#8221; divider_position=&#8221;center&#8221; _builder_version=&#8221;4.16&#8243; _module_preset=&#8221;default&#8221; transform_rotate=&#8221;0deg|0deg|90deg&#8221; custom_margin=&#8221;|3px||3px|false|true&#8221; custom_padding=&#8221;216px|0px||0px|false|true&#8221; global_colors_info=&#8221;{}&#8221;][\/et_pb_divider][\/et_pb_column][et_pb_column type=&#8221;1_5&#8243; _builder_version=&#8221;4.16&#8243; _module_preset=&#8221;default&#8221; global_colors_info=&#8221;{}&#8221;][et_pb_text _builder_version=&#8221;4.16&#8243; _module_preset=&#8221;default&#8221; text_font=&#8221;|700||on|||||&#8221; text_text_color=&#8221;#FFFFFF&#8221; text_font_size=&#8221;19px&#8221; text_line_height=&#8221;1.6em&#8221; text_orientation=&#8221;center&#8221; width=&#8221;172%&#8221; max_width=&#8221;164%&#8221; custom_margin=&#8221;|||-64px|false|false&#8221; custom_padding=&#8221;72px||32px||false|false&#8221; global_colors_info=&#8221;{}&#8221;]<\/p>\n<p>Kansanv\u00e4listen elintarvikestandardien mukainen<\/p>\n<p>[\/et_pb_text][\/et_pb_column][et_pb_column type=&#8221;1_5&#8243; _builder_version=&#8221;4.16&#8243; _module_preset=&#8221;default&#8221; global_colors_info=&#8221;{}&#8221;][et_pb_divider color=&#8221;#FFFFFF&#8221; divider_position=&#8221;center&#8221; _builder_version=&#8221;4.16&#8243; _module_preset=&#8221;default&#8221; transform_rotate=&#8221;0deg|0deg|90deg&#8221; custom_margin=&#8221;|-2px||-2px|false|true&#8221; custom_padding=&#8221;226px|0px||0px|false|true&#8221; global_colors_info=&#8221;{}&#8221;][\/et_pb_divider][\/et_pb_column][et_pb_column type=&#8221;1_5&#8243; _builder_version=&#8221;4.16&#8243; _module_preset=&#8221;default&#8221; global_colors_info=&#8221;{}&#8221;][et_pb_button button_url=&#8221;#lisatietoa&#8221; button_text=&#8221;Lis\u00e4tietoa&#8221; _builder_version=&#8221;4.16&#8243; _module_preset=&#8221;default&#8221; custom_button=&#8221;on&#8221; button_text_size=&#8221;16px&#8221; button_text_color=&#8221;#FFFFFF&#8221; button_font=&#8221;|||on|||||&#8221; custom_margin=&#8221;49px|-56px||-56px|false|true&#8221; custom_padding=&#8221;|71px||71px|false|true&#8221; global_colors_info=&#8221;{}&#8221;][\/et_pb_button][\/et_pb_column][\/et_pb_row][\/et_pb_section][et_pb_section fb_built=&#8221;1&#8243; custom_padding_last_edited=&#8221;on|phone&#8221; disabled_on=&#8221;off|off|on&#8221; _builder_version=&#8221;4.16&#8243; _module_preset=&#8221;default&#8221; background_color=&#8221;rgba(0,0,0,0.46)&#8221; background_image=&#8221;https:\/\/tekoa.fi\/wp-content\/uploads\/2023\/02\/Soliflex-PRO-kuljetin-scaled.jpg&#8221; background_blend=&#8221;overlay&#8221; custom_padding=&#8221;164px||33px||false|false&#8221; custom_padding_tablet=&#8221;&#8221; custom_padding_phone=&#8221;50px||52px||false|false&#8221; global_colors_info=&#8221;{}&#8221;][et_pb_row _builder_version=&#8221;4.16&#8243; _module_preset=&#8221;default&#8221; global_colors_info=&#8221;{}&#8221;][et_pb_column type=&#8221;4_4&#8243; _builder_version=&#8221;4.16&#8243; _module_preset=&#8221;default&#8221; global_colors_info=&#8221;{}&#8221;][et_pb_text _builder_version=&#8221;4.16&#8243; _module_preset=&#8221;default&#8221; text_font=&#8221;|700||on|||||&#8221; text_text_color=&#8221;#FFFFFF&#8221; text_font_size=&#8221;48px&#8221; text_orientation=&#8221;center&#8221; custom_padding=&#8221;32px||32px||true|false&#8221; text_font_size_tablet=&#8221;&#8221; text_font_size_phone=&#8221;30px&#8221; text_font_size_last_edited=&#8221;on|phone&#8221; text_line_height_tablet=&#8221;&#8221; text_line_height_phone=&#8221;1.5em&#8221; text_line_height_last_edited=&#8221;on|phone&#8221; global_colors_info=&#8221;{}&#8221;]<\/p>\n<p>Soliflex PRO kuljetin<\/p>\n<p>[\/et_pb_text][\/et_pb_column][\/et_pb_row][\/et_pb_section][et_pb_section fb_built=&#8221;1&#8243; custom_padding_last_edited=&#8221;on|phone&#8221; disabled_on=&#8221;off|off|on&#8221; _builder_version=&#8221;4.16&#8243; _module_preset=&#8221;default&#8221; custom_padding_tablet=&#8221;&#8221; custom_padding_phone=&#8221;0px||20px||false|false&#8221; global_colors_info=&#8221;{}&#8221;][et_pb_row custom_padding_last_edited=&#8221;on|phone&#8221; _builder_version=&#8221;4.16&#8243; _module_preset=&#8221;default&#8221; custom_padding_tablet=&#8221;&#8221; custom_padding_phone=&#8221;8px||||false|false&#8221; global_colors_info=&#8221;{}&#8221;][et_pb_column type=&#8221;4_4&#8243; _builder_version=&#8221;4.16&#8243; _module_preset=&#8221;default&#8221; global_colors_info=&#8221;{}&#8221;][et_pb_button button_url=&#8221;#lisatietoa&#8221; button_text=&#8221;Lis\u00e4tietoa&#8221; button_alignment=&#8221;center&#8221; _builder_version=&#8221;4.16&#8243; _module_preset=&#8221;default&#8221; custom_button=&#8221;on&#8221; button_text_size=&#8221;16px&#8221; button_text_color=&#8221;#000000&#8243; button_font=&#8221;|||on|||||&#8221; custom_margin=&#8221;22px|-12px||-12px|false|true&#8221; custom_margin_tablet=&#8221;&#8221; custom_margin_phone=&#8221;22px|0px||-20px|false|false&#8221; custom_margin_last_edited=&#8221;on|phone&#8221; custom_padding=&#8221;|118px||118px|false|true&#8221; global_colors_info=&#8221;{}&#8221;][\/et_pb_button][et_pb_text _builder_version=&#8221;4.16&#8243; _module_preset=&#8221;default&#8221; text_font=&#8221;|700||on|||||&#8221; text_text_color=&#8221;#000000&#8243; text_font_size=&#8221;19px&#8221; text_line_height=&#8221;1.6em&#8221; max_width=&#8221;100%&#8221; custom_margin=&#8221;||-8px|0px|false|false&#8221; custom_padding=&#8221;32px||5px||false|false&#8221; custom_padding_tablet=&#8221;&#8221; custom_padding_phone=&#8221;0px||32px||false|false&#8221; custom_padding_last_edited=&#8221;on|phone&#8221; global_colors_info=&#8221;{}&#8221;]<\/p>\n<p>Helppo ja nopea puhdistaa<\/p>\n<p>[\/et_pb_text][et_pb_text _builder_version=&#8221;4.16&#8243; _module_preset=&#8221;default&#8221; text_font=&#8221;|700||on|||||&#8221; text_text_color=&#8221;#000000&#8243; text_font_size=&#8221;19px&#8221; text_line_height=&#8221;1.6em&#8221; width=&#8221;109%&#8221; custom_margin=&#8221;||52px|0px|false|false&#8221; custom_padding=&#8221;32px||4px||false|false&#8221; custom_padding_tablet=&#8221;&#8221; custom_padding_phone=&#8221;0px||32px||false|false&#8221; custom_padding_last_edited=&#8221;on|phone&#8221; global_colors_info=&#8221;{}&#8221;]<\/p>\n<p>Kansanv\u00e4listen elintarvikestandardien mukainen<\/p>\n<p>[\/et_pb_text][\/et_pb_column][\/et_pb_row][\/et_pb_section][et_pb_section fb_built=&#8221;1&#8243; disabled_on=&#8221;on|off|off&#8221; _builder_version=&#8221;4.16&#8243; _module_preset=&#8221;default&#8221; custom_padding=&#8221;0px||0px||true|false&#8221; global_colors_info=&#8221;{}&#8221;][et_pb_row column_structure=&#8221;1_2,1_2&#8243; _builder_version=&#8221;4.16&#8243; _module_preset=&#8221;default&#8221; custom_padding=&#8221;0px||0px||true|false&#8221; global_colors_info=&#8221;{}&#8221;][et_pb_column type=&#8221;1_2&#8243; _builder_version=&#8221;4.16&#8243; _module_preset=&#8221;default&#8221; global_colors_info=&#8221;{}&#8221;][et_pb_text _builder_version=&#8221;4.16&#8243; _module_preset=&#8221;default&#8221; text_font=&#8221;|700||on|||||&#8221; text_text_color=&#8221;#000000&#8243; text_font_size=&#8221;16px&#8221; text_line_height=&#8221;1.6em&#8221; text_orientation=&#8221;center&#8221; max_width=&#8221;100%&#8221; custom_margin=&#8221;|||-2px|false|false&#8221; custom_padding=&#8221;20px||20px||true|false&#8221; link_option_url=&#8221;https:\/\/tekoa.fi\/index.php\/kuljettimet\/&#8221; global_colors_info=&#8221;{}&#8221;]<\/p>\n<p>Muut tuoteet<\/p>\n<p>[\/et_pb_text][\/et_pb_column][et_pb_column type=&#8221;1_2&#8243; _builder_version=&#8221;4.16&#8243; _module_preset=&#8221;default&#8221; global_colors_info=&#8221;{}&#8221;][et_pb_text _builder_version=&#8221;4.16&#8243; _module_preset=&#8221;default&#8221; text_font=&#8221;|700||on|||||&#8221; text_text_color=&#8221;#000000&#8243; text_font_size=&#8221;16px&#8221; text_line_height=&#8221;1.6em&#8221; text_orientation=&#8221;center&#8221; max_width=&#8221;100%&#8221; custom_margin=&#8221;|||-2px|false|false&#8221; custom_padding=&#8221;20px||20px||true|false&#8221; link_option_url=&#8221;https:\/\/tekoa.fi\/index.php\/yhteystiedot\/&#8221; global_colors_info=&#8221;{}&#8221;]<\/p>\n<p>OTA YHTEYTT\u00c4<\/p>\n<p>[\/et_pb_text][\/et_pb_column][\/et_pb_row][\/et_pb_section][et_pb_section fb_built=&#8221;1&#8243; module_id=&#8221;lisatietoa&#8221; _builder_version=&#8221;4.16&#8243; _module_preset=&#8221;default&#8221; background_color=&#8221;rgba(0,0,0,0.91)&#8221; global_colors_info=&#8221;{}&#8221;][et_pb_row custom_padding_last_edited=&#8221;on|phone&#8221; _builder_version=&#8221;4.16&#8243; _module_preset=&#8221;default&#8221; custom_padding_tablet=&#8221;&#8221; custom_padding_phone=&#8221;||0px||false|false&#8221; global_colors_info=&#8221;{}&#8221;][et_pb_column type=&#8221;4_4&#8243; _builder_version=&#8221;4.16&#8243; _module_preset=&#8221;default&#8221; global_colors_info=&#8221;{}&#8221;][et_pb_text _builder_version=&#8221;4.16&#8243; _module_preset=&#8221;default&#8221; text_font=&#8221;|700||on|||||&#8221; text_text_color=&#8221;#FFFFFF&#8221; text_font_size=&#8221;29px&#8221; text_orientation=&#8221;center&#8221; custom_margin=&#8221;31px|||||&#8221; custom_padding=&#8221;32px||32px||true|false&#8221; text_font_size_tablet=&#8221;&#8221; text_font_size_phone=&#8221;25px&#8221; text_font_size_last_edited=&#8221;on|phone&#8221; text_line_height_tablet=&#8221;&#8221; text_line_height_phone=&#8221;1.6em&#8221; text_line_height_last_edited=&#8221;on|phone&#8221; global_colors_info=&#8221;{}&#8221;]<\/p>\n<p>Soliflex PRO kuljetin<\/p>\n<p>[\/et_pb_text][et_pb_divider color=&#8221;#e14809&#8243; divider_weight=&#8221;7px&#8221; disabled_on=&#8221;off|off|on&#8221; _builder_version=&#8221;4.16&#8243; _module_preset=&#8221;default&#8221; custom_margin_tablet=&#8221;&#8221; custom_margin_phone=&#8221;-46px|117px|60px|117px|false|true&#8221; custom_margin_last_edited=&#8221;on|phone&#8221; global_colors_info=&#8221;{}&#8221;][\/et_pb_divider][et_pb_divider color=&#8221;#e14809&#8243; divider_weight=&#8221;6px&#8221; _builder_version=&#8221;4.16&#8243; _module_preset=&#8221;default&#8221; custom_margin=&#8221;-38px|495px||495px|false|true&#8221; global_colors_info=&#8221;{}&#8221;][\/et_pb_divider][\/et_pb_column][\/et_pb_row][et_pb_row column_structure=&#8221;3_5,2_5&#8243; _builder_version=&#8221;4.16&#8243; _module_preset=&#8221;default&#8221; custom_margin_tablet=&#8221;&#8221; custom_margin_phone=&#8221;-27px||||false|false&#8221; custom_margin_last_edited=&#8221;on|phone&#8221; global_colors_info=&#8221;{}&#8221;][et_pb_column type=&#8221;3_5&#8243; _builder_version=&#8221;4.16&#8243; _module_preset=&#8221;default&#8221; global_colors_info=&#8221;{}&#8221;][et_pb_image src=&#8221;https:\/\/tekoa.fi\/wp-content\/uploads\/2023\/02\/Soliflex-PRO-kuljetin-scaled.jpg&#8221; title_text=&#8221;Soliflex PRO kuljetin&#8221; _builder_version=&#8221;4.16&#8243; _module_preset=&#8221;default&#8221; width=&#8221;100%&#8221; module_alignment=&#8221;center&#8221; global_colors_info=&#8221;{}&#8221;][\/et_pb_image][\/et_pb_column][et_pb_column type=&#8221;2_5&#8243; _builder_version=&#8221;4.16&#8243; _module_preset=&#8221;default&#8221; global_colors_info=&#8221;{}&#8221;][et_pb_text content_tablet=&#8221;&#8221; content_phone=&#8221;<\/p>\n<p style=%22text-align: left;%22>Soliflex PRO kuljettimessa k\u00e4ytet\u00e4\u00e4n Soliflex PRO hihnaa, joka on kansanv\u00e4listen elintarvikestandardien mukainen. Hihna on helppo ja nopea puhdistaa, jonka johdosta k\u00e4yt\u00e4t v\u00e4hemm\u00e4n vett\u00e4, puhdistusainetta ja ty\u00f6aikaa!<\/p>\n<p style=%22text-align: left;%22>\u2022 Sile\u00e4 ja kudokseton hihnan pinta \u2013 ei halkeamia tai liitoskohtia, jotka voisivat aiheuttaa bakteeriker\u00e4\u00e4ntymi\u00e4 (kuljetettavan tuotteen s\u00e4ilymisaika pitenee)<br \/>\u2022 Ei kudoskerrosta (ei rispaantumista = ei kontaminaatioriski\u00e4)<br \/>\u2022 T\u00e4ytt\u00e4\u00e4 tunnetut kansainv\u00e4liset elintarvikealan standardit<br \/>\u2022 Kaavariyst\u00e4v\u00e4llinen<br \/>\u2022 Siniset hihnat ja lis\u00e4varusteet parantavat elintarviketurvallisuutta<\/p>\n<p>&#8221; content_last_edited=&#8221;on|phone&#8221; _builder_version=&#8221;4.27.2&#8243; _module_preset=&#8221;default&#8221; text_text_color=&#8221;#FFFFFF&#8221; text_font_size_tablet=&#8221;&#8221; text_font_size_phone=&#8221;16px&#8221; text_font_size_last_edited=&#8221;on|phone&#8221; text_orientation_tablet=&#8221;&#8221; text_orientation_phone=&#8221;left&#8221; text_orientation_last_edited=&#8221;on|phone&#8221; global_colors_info=&#8221;{}&#8221;]<\/p>\n<p style=\"text-align: left;\">Soliflex PRO kuljettimessa k\u00e4ytet\u00e4\u00e4n Soliflex PRO hihnaa, joka on kansanv\u00e4listen elintarvikestandardien mukainen. Hihna on helppo ja nopea puhdistaa, jonka johdosta k\u00e4yt\u00e4t v\u00e4hemm\u00e4n vett\u00e4, puhdistusainetta ja ty\u00f6aikaa! Matossa olevat vetonappulat varmistavat maton py\u00f6rimisen ja luotettavan keskityksen.<\/p>\n<p style=\"text-align: left;\">\u2022 Sile\u00e4 ja kudokseton hihnan pinta \u2013 ei halkeamia tai liitoskohtia, jotka voisivat aiheuttaa bakteeriker\u00e4\u00e4ntymi\u00e4 (kuljetettavan tuotteen s\u00e4ilymisaika pitenee)<br \/>\u2022 Ei kudoskerrosta (ei rispaantumista = ei kontaminaatioriski\u00e4)<br \/>\u2022 T\u00e4ytt\u00e4\u00e4 tunnetut kansainv\u00e4liset elintarvikealan standardit<br \/>\u2022 Kaavariyst\u00e4v\u00e4llinen<br \/>\u2022 Siniset hihnat ja lis\u00e4varusteet parantavat elintarviketurvallisuutta<\/p>\n<p>[\/et_pb_text][et_pb_wc_add_to_cart product=&#8221;1724&#8243; show_quantity=&#8221;off&#8221; show_stock=&#8221;off&#8221; _builder_version=&#8221;4.16&#8243; _module_preset=&#8221;default&#8221; custom_button=&#8221;on&#8221; button_text_size=&#8221;16px&#8221; button_text_color=&#8221;#FFFFFF&#8221; button_bg_color=&#8221;#e14809&#8243; button_border_width=&#8221;0px&#8221; button_border_radius=&#8221;0px&#8221; button_letter_spacing=&#8221;2px&#8221; button_font=&#8221;|||on|||||&#8221; button_use_icon=&#8221;off&#8221; button_custom_padding=&#8221;12px|25px|12px|25px|false|false&#8221; custom_margin=&#8221;45px|||||&#8221; global_colors_info=&#8221;{}&#8221;][\/et_pb_wc_add_to_cart][\/et_pb_column][\/et_pb_row][\/et_pb_section]<\/p>\n","protected":false},"excerpt":{"rendered":"<p>Soliflex PRO kuljetinHelppo ja nopea puhdistaaKansanv\u00e4listen elintarvikestandardien mukainenSoliflex PRO kuljetinHelppo ja nopea puhdistaaKansanv\u00e4listen elintarvikestandardien mukainenMuut tuoteetOTA YHTEYTT\u00c4Soliflex PRO kuljetinSoliflex PRO kuljettimessa k\u00e4ytet\u00e4\u00e4n Soliflex PRO hihnaa, joka on kansanv\u00e4listen elintarvikestandardien mukainen. Hihna on helppo ja nopea puhdistaa, jonka johdosta k\u00e4yt\u00e4t v\u00e4hemm\u00e4n vett\u00e4, puhdistusainetta ja ty\u00f6aikaa! Matossa olevat vetonappulat varmistavat maton py\u00f6rimisen ja luotettavan keskityksen. \u2022 Sile\u00e4 [&hellip;]<\/p>\n","protected":false},"author":1,"featured_media":0,"parent":0,"menu_order":0,"comment_status":"closed","ping_status":"closed","template":"","meta":{"_et_pb_use_builder":"on","_et_pb_old_content":"","_et_gb_content_width":"","footnotes":""},"class_list":["post-1556","page","type-page","status-publish","hentry"],"yoast_head":"<!-- This site is optimized with the Yoast SEO plugin v27.5 - https:\/\/yoast.com\/product\/yoast-seo-wordpress\/ -->\n<title>Soliflex PRO kuljetin - Tekoa Oy<\/title>\n<meta name=\"robots\" content=\"index, follow, max-snippet:-1, max-image-preview:large, max-video-preview:-1\" \/>\n<link rel=\"canonical\" href=\"https:\/\/tekoa.fi\/sv\/soliflex-pro-kuljetin\/\" \/>\n<meta property=\"og:locale\" content=\"sv_SE\" \/>\n<meta property=\"og:type\" content=\"article\" \/>\n<meta property=\"og:title\" content=\"Soliflex PRO kuljetin - Tekoa Oy\" \/>\n<meta property=\"og:description\" content=\"Soliflex PRO kuljetinHelppo ja nopea puhdistaaKansanv\u00e4listen elintarvikestandardien mukainenSoliflex PRO kuljetinHelppo ja nopea puhdistaaKansanv\u00e4listen elintarvikestandardien mukainenMuut tuoteetOTA YHTEYTT\u00c4Soliflex PRO kuljetinSoliflex PRO kuljettimessa k\u00e4ytet\u00e4\u00e4n Soliflex PRO hihnaa, joka on kansanv\u00e4listen elintarvikestandardien mukainen. Hihna on helppo ja nopea puhdistaa, jonka johdosta k\u00e4yt\u00e4t v\u00e4hemm\u00e4n vett\u00e4, puhdistusainetta ja ty\u00f6aikaa! Matossa olevat vetonappulat varmistavat maton py\u00f6rimisen ja luotettavan keskityksen. \u2022 Sile\u00e4 [&hellip;]\" \/>\n<meta property=\"og:url\" content=\"https:\/\/tekoa.fi\/sv\/soliflex-pro-kuljetin\/\" \/>\n<meta property=\"og:site_name\" content=\"Tekoa Oy\" \/>\n<meta property=\"article:publisher\" content=\"https:\/\/www.facebook.com\/tekoaoy\" \/>\n<meta property=\"article:modified_time\" content=\"2024-10-10T04:24:53+00:00\" \/>\n<meta property=\"og:image\" content=\"https:\/\/tekoa.fi\/wp-content\/uploads\/2024\/10\/TEKOAbanner-1.png\" \/>\n\t<meta property=\"og:image:width\" content=\"1123\" \/>\n\t<meta property=\"og:image:height\" content=\"384\" \/>\n\t<meta property=\"og:image:type\" content=\"image\/png\" \/>\n<meta name=\"twitter:card\" content=\"summary_large_image\" \/>\n<meta name=\"twitter:label1\" content=\"Ber\u00e4knad l\u00e4stid\" \/>\n\t<meta name=\"twitter:data1\" content=\"8 minuter\" \/>\n<script type=\"application\/ld+json\" class=\"yoast-schema-graph\">{\"@context\":\"https:\\\/\\\/schema.org\",\"@graph\":[{\"@type\":\"WebPage\",\"@id\":\"https:\\\/\\\/tekoa.fi\\\/soliflex-pro-kuljetin\\\/\",\"url\":\"https:\\\/\\\/tekoa.fi\\\/soliflex-pro-kuljetin\\\/\",\"name\":\"Soliflex PRO kuljetin - Tekoa Oy\",\"isPartOf\":{\"@id\":\"https:\\\/\\\/tekoa.fi\\\/#website\"},\"datePublished\":\"2022-01-28T23:01:57+00:00\",\"dateModified\":\"2024-10-10T04:24:53+00:00\",\"breadcrumb\":{\"@id\":\"https:\\\/\\\/tekoa.fi\\\/soliflex-pro-kuljetin\\\/#breadcrumb\"},\"inLanguage\":\"sv-SE\",\"potentialAction\":[{\"@type\":\"ReadAction\",\"target\":[\"https:\\\/\\\/tekoa.fi\\\/soliflex-pro-kuljetin\\\/\"]}]},{\"@type\":\"BreadcrumbList\",\"@id\":\"https:\\\/\\\/tekoa.fi\\\/soliflex-pro-kuljetin\\\/#breadcrumb\",\"itemListElement\":[{\"@type\":\"ListItem\",\"position\":1,\"name\":\"Etusivu\",\"item\":\"https:\\\/\\\/tekoa.fi\\\/\"},{\"@type\":\"ListItem\",\"position\":2,\"name\":\"Soliflex PRO kuljetin\"}]},{\"@type\":\"WebSite\",\"@id\":\"https:\\\/\\\/tekoa.fi\\\/#website\",\"url\":\"https:\\\/\\\/tekoa.fi\\\/\",\"name\":\"Tekoa Oy\",\"description\":\"Konepaja\",\"publisher\":{\"@id\":\"https:\\\/\\\/tekoa.fi\\\/#organization\"},\"potentialAction\":[{\"@type\":\"SearchAction\",\"target\":{\"@type\":\"EntryPoint\",\"urlTemplate\":\"https:\\\/\\\/tekoa.fi\\\/?s={search_term_string}\"},\"query-input\":{\"@type\":\"PropertyValueSpecification\",\"valueRequired\":true,\"valueName\":\"search_term_string\"}}],\"inLanguage\":\"sv-SE\"},{\"@type\":\"Organization\",\"@id\":\"https:\\\/\\\/tekoa.fi\\\/#organization\",\"name\":\"Tekoa Oy\",\"url\":\"https:\\\/\\\/tekoa.fi\\\/\",\"logo\":{\"@type\":\"ImageObject\",\"inLanguage\":\"sv-SE\",\"@id\":\"https:\\\/\\\/tekoa.fi\\\/#\\\/schema\\\/logo\\\/image\\\/\",\"url\":\"https:\\\/\\\/tekoa.fi\\\/wp-content\\\/uploads\\\/2024\\\/10\\\/TEKOAbanner-1.png\",\"contentUrl\":\"https:\\\/\\\/tekoa.fi\\\/wp-content\\\/uploads\\\/2024\\\/10\\\/TEKOAbanner-1.png\",\"width\":1123,\"height\":384,\"caption\":\"Tekoa Oy\"},\"image\":{\"@id\":\"https:\\\/\\\/tekoa.fi\\\/#\\\/schema\\\/logo\\\/image\\\/\"},\"sameAs\":[\"https:\\\/\\\/www.facebook.com\\\/tekoaoy\",\"https:\\\/\\\/www.instagram.com\\\/tekoaoy\\\/\",\"https:\\\/\\\/www.linkedin.com\\\/company\\\/tekoa-oy\"]}]}<\/script>\n<!-- \/ Yoast SEO plugin. -->","yoast_head_json":{"title":"Soliflex PRO kuljetin - Tekoa Oy","robots":{"index":"index","follow":"follow","max-snippet":"max-snippet:-1","max-image-preview":"max-image-preview:large","max-video-preview":"max-video-preview:-1"},"canonical":"https:\/\/tekoa.fi\/sv\/soliflex-pro-kuljetin\/","og_locale":"sv_SE","og_type":"article","og_title":"Soliflex PRO kuljetin - Tekoa Oy","og_description":"Soliflex PRO kuljetinHelppo ja nopea puhdistaaKansanv\u00e4listen elintarvikestandardien mukainenSoliflex PRO kuljetinHelppo ja nopea puhdistaaKansanv\u00e4listen elintarvikestandardien mukainenMuut tuoteetOTA YHTEYTT\u00c4Soliflex PRO kuljetinSoliflex PRO kuljettimessa k\u00e4ytet\u00e4\u00e4n Soliflex PRO hihnaa, joka on kansanv\u00e4listen elintarvikestandardien mukainen. Hihna on helppo ja nopea puhdistaa, jonka johdosta k\u00e4yt\u00e4t v\u00e4hemm\u00e4n vett\u00e4, puhdistusainetta ja ty\u00f6aikaa! Matossa olevat vetonappulat varmistavat maton py\u00f6rimisen ja luotettavan keskityksen. \u2022 Sile\u00e4 [&hellip;]","og_url":"https:\/\/tekoa.fi\/sv\/soliflex-pro-kuljetin\/","og_site_name":"Tekoa Oy","article_publisher":"https:\/\/www.facebook.com\/tekoaoy","article_modified_time":"2024-10-10T04:24:53+00:00","og_image":[{"width":1123,"height":384,"url":"https:\/\/tekoa.fi\/wp-content\/uploads\/2024\/10\/TEKOAbanner-1.png","type":"image\/png"}],"twitter_card":"summary_large_image","twitter_misc":{"Ber\u00e4knad l\u00e4stid":"8 minuter"},"schema":{"@context":"https:\/\/schema.org","@graph":[{"@type":"WebPage","@id":"https:\/\/tekoa.fi\/soliflex-pro-kuljetin\/","url":"https:\/\/tekoa.fi\/soliflex-pro-kuljetin\/","name":"Soliflex PRO kuljetin - Tekoa Oy","isPartOf":{"@id":"https:\/\/tekoa.fi\/#website"},"datePublished":"2022-01-28T23:01:57+00:00","dateModified":"2024-10-10T04:24:53+00:00","breadcrumb":{"@id":"https:\/\/tekoa.fi\/soliflex-pro-kuljetin\/#breadcrumb"},"inLanguage":"sv-SE","potentialAction":[{"@type":"ReadAction","target":["https:\/\/tekoa.fi\/soliflex-pro-kuljetin\/"]}]},{"@type":"BreadcrumbList","@id":"https:\/\/tekoa.fi\/soliflex-pro-kuljetin\/#breadcrumb","itemListElement":[{"@type":"ListItem","position":1,"name":"Etusivu","item":"https:\/\/tekoa.fi\/"},{"@type":"ListItem","position":2,"name":"Soliflex PRO kuljetin"}]},{"@type":"WebSite","@id":"https:\/\/tekoa.fi\/#website","url":"https:\/\/tekoa.fi\/","name":"Tekoa Oy","description":"Konepaja","publisher":{"@id":"https:\/\/tekoa.fi\/#organization"},"potentialAction":[{"@type":"SearchAction","target":{"@type":"EntryPoint","urlTemplate":"https:\/\/tekoa.fi\/?s={search_term_string}"},"query-input":{"@type":"PropertyValueSpecification","valueRequired":true,"valueName":"search_term_string"}}],"inLanguage":"sv-SE"},{"@type":"Organization","@id":"https:\/\/tekoa.fi\/#organization","name":"Tekoa Oy","url":"https:\/\/tekoa.fi\/","logo":{"@type":"ImageObject","inLanguage":"sv-SE","@id":"https:\/\/tekoa.fi\/#\/schema\/logo\/image\/","url":"https:\/\/tekoa.fi\/wp-content\/uploads\/2024\/10\/TEKOAbanner-1.png","contentUrl":"https:\/\/tekoa.fi\/wp-content\/uploads\/2024\/10\/TEKOAbanner-1.png","width":1123,"height":384,"caption":"Tekoa Oy"},"image":{"@id":"https:\/\/tekoa.fi\/#\/schema\/logo\/image\/"},"sameAs":["https:\/\/www.facebook.com\/tekoaoy","https:\/\/www.instagram.com\/tekoaoy\/","https:\/\/www.linkedin.com\/company\/tekoa-oy"]}]}},"_links":{"self":[{"href":"https:\/\/tekoa.fi\/sv\/wp-json\/wp\/v2\/pages\/1556","targetHints":{"allow":["GET"]}}],"collection":[{"href":"https:\/\/tekoa.fi\/sv\/wp-json\/wp\/v2\/pages"}],"about":[{"href":"https:\/\/tekoa.fi\/sv\/wp-json\/wp\/v2\/types\/page"}],"author":[{"embeddable":true,"href":"https:\/\/tekoa.fi\/sv\/wp-json\/wp\/v2\/users\/1"}],"replies":[{"embeddable":true,"href":"https:\/\/tekoa.fi\/sv\/wp-json\/wp\/v2\/comments?post=1556"}],"version-history":[{"count":9,"href":"https:\/\/tekoa.fi\/sv\/wp-json\/wp\/v2\/pages\/1556\/revisions"}],"predecessor-version":[{"id":2980,"href":"https:\/\/tekoa.fi\/sv\/wp-json\/wp\/v2\/pages\/1556\/revisions\/2980"}],"wp:attachment":[{"href":"https:\/\/tekoa.fi\/sv\/wp-json\/wp\/v2\/media?parent=1556"}],"curies":[{"name":"wp","href":"https:\/\/api.w.org\/{rel}","templated":true}]}}