{"id":1989,"date":"2022-09-28T07:13:07","date_gmt":"2022-09-28T07:13:07","guid":{"rendered":"https:\/\/pilar-demo.fi\/tekoa\/?page_id=1989"},"modified":"2024-10-08T12:33:18","modified_gmt":"2024-10-08T12:33:18","slug":"salpynpoistaja","status":"publish","type":"page","link":"https:\/\/tekoa.fi\/en\/salpynpoistaja\/","title":{"rendered":"Sliver Remover"},"content":{"rendered":"<p>[et_pb_section fb_built=&#8221;1&#8243; disabled_on=&#8221;on|off|off&#8221; _builder_version=&#8221;4.16&#8243; _module_preset=&#8221;default&#8221; background_color=&#8221;rgba(0,0,0,0.46)&#8221; background_image=&#8221;https:\/\/tekoa.fi\/wp-content\/uploads\/2023\/02\/Sa\u0308lpynpoistaja-scaled.jpg&#8221; background_blend=&#8221;overlay&#8221; custom_padding=&#8221;164px||33px||false|false&#8221; global_colors_info=&#8221;{}&#8221;][et_pb_row _builder_version=&#8221;4.16&#8243; _module_preset=&#8221;default&#8221; global_colors_info=&#8221;{}&#8221;][et_pb_column type=&#8221;4_4&#8243; _builder_version=&#8221;4.16&#8243; _module_preset=&#8221;default&#8221; global_colors_info=&#8221;{}&#8221;][et_pb_text _builder_version=&#8221;4.16&#8243; _module_preset=&#8221;default&#8221; text_font=&#8221;|700||on|||||&#8221; text_text_color=&#8221;#FFFFFF&#8221; text_font_size=&#8221;48px&#8221; text_orientation=&#8221;center&#8221; custom_padding=&#8221;32px||32px||true|false&#8221; text_font_size_tablet=&#8221;&#8221; text_font_size_phone=&#8221;30px&#8221; text_font_size_last_edited=&#8221;on|phone&#8221; text_line_height_tablet=&#8221;&#8221; text_line_height_phone=&#8221;1.5em&#8221; text_line_height_last_edited=&#8221;on|phone&#8221; global_colors_info=&#8221;{}&#8221;]<\/p>\n<p>S\u00e4lpynpoistaja<\/p>\n<p>[\/et_pb_text][\/et_pb_column][\/et_pb_row][et_pb_row column_structure=&#8221;1_5,1_5,1_5,1_5,1_5&#8243; _builder_version=&#8221;4.16&#8243; _module_preset=&#8221;default&#8221; custom_padding=&#8221;109px|||||&#8221; global_colors_info=&#8221;{}&#8221;][et_pb_column type=&#8221;1_5&#8243; _builder_version=&#8221;4.16&#8243; _module_preset=&#8221;default&#8221; global_colors_info=&#8221;{}&#8221;][et_pb_text _builder_version=&#8221;4.16&#8243; _module_preset=&#8221;default&#8221; text_font=&#8221;|700||on|||||&#8221; text_text_color=&#8221;#FFFFFF&#8221; text_font_size=&#8221;19px&#8221; text_line_height=&#8221;1.6em&#8221; text_orientation=&#8221;center&#8221; width=&#8221;120%&#8221; max_width=&#8221;150%&#8221; custom_margin=&#8221;|||-2px|false|false&#8221; custom_padding=&#8221;72px||32px||false|false&#8221; global_colors_info=&#8221;{}&#8221;]<\/p>\n<p>Edistyksellinen v\u00e4lis\u00e4\u00e4t\u00f6<\/p>\n<p>[\/et_pb_text][\/et_pb_column][et_pb_column type=&#8221;1_5&#8243; _builder_version=&#8221;4.16&#8243; _module_preset=&#8221;default&#8221; global_colors_info=&#8221;{}&#8221;][et_pb_divider color=&#8221;#FFFFFF&#8221; divider_position=&#8221;center&#8221; _builder_version=&#8221;4.16&#8243; _module_preset=&#8221;default&#8221; transform_rotate=&#8221;0deg|0deg|90deg&#8221; custom_margin=&#8221;|3px||3px|false|true&#8221; custom_padding=&#8221;216px|0px||0px|false|true&#8221; global_colors_info=&#8221;{}&#8221;][\/et_pb_divider][\/et_pb_column][et_pb_column type=&#8221;1_5&#8243; _builder_version=&#8221;4.16&#8243; _module_preset=&#8221;default&#8221; global_colors_info=&#8221;{}&#8221;][et_pb_text _builder_version=&#8221;4.16&#8243; _module_preset=&#8221;default&#8221; text_font=&#8221;|700||on|||||&#8221; text_text_color=&#8221;#FFFFFF&#8221; text_font_size=&#8221;19px&#8221; text_line_height=&#8221;1.6em&#8221; text_orientation=&#8221;center&#8221; width=&#8221;172%&#8221; max_width=&#8221;164%&#8221; custom_margin=&#8221;|||-64px|false|false&#8221; custom_padding=&#8221;72px||32px||false|false&#8221; global_colors_info=&#8221;{}&#8221;]<\/p>\n<p>Tehokas s\u00e4lpyn poistaja<\/p>\n<p>[\/et_pb_text][\/et_pb_column][et_pb_column type=&#8221;1_5&#8243; _builder_version=&#8221;4.16&#8243; _module_preset=&#8221;default&#8221; global_colors_info=&#8221;{}&#8221;][et_pb_divider color=&#8221;#FFFFFF&#8221; divider_position=&#8221;center&#8221; _builder_version=&#8221;4.16&#8243; _module_preset=&#8221;default&#8221; transform_rotate=&#8221;0deg|0deg|90deg&#8221; custom_margin=&#8221;|-2px||-2px|false|true&#8221; custom_padding=&#8221;226px|0px||0px|false|true&#8221; global_colors_info=&#8221;{}&#8221;][\/et_pb_divider][\/et_pb_column][et_pb_column type=&#8221;1_5&#8243; _builder_version=&#8221;4.16&#8243; _module_preset=&#8221;default&#8221; global_colors_info=&#8221;{}&#8221;][et_pb_button button_url=&#8221;#lisatietoa&#8221; button_text=&#8221;Lis\u00e4tietoa&#8221; _builder_version=&#8221;4.16&#8243; _module_preset=&#8221;default&#8221; custom_button=&#8221;on&#8221; button_text_size=&#8221;16px&#8221; button_text_color=&#8221;#FFFFFF&#8221; button_font=&#8221;|||on|||||&#8221; custom_margin=&#8221;49px|-56px||-56px|false|true&#8221; custom_padding=&#8221;|71px||71px|false|true&#8221; global_colors_info=&#8221;{}&#8221;][\/et_pb_button][\/et_pb_column][\/et_pb_row][\/et_pb_section][et_pb_section fb_built=&#8221;1&#8243; custom_padding_last_edited=&#8221;on|phone&#8221; disabled_on=&#8221;off|off|on&#8221; _builder_version=&#8221;4.16&#8243; _module_preset=&#8221;default&#8221; background_color=&#8221;rgba(0,0,0,0.46)&#8221; background_image=&#8221;https:\/\/tekoa.fi\/wp-content\/uploads\/2023\/02\/Sa\u0308lpynpoistaja-scaled.jpg&#8221; background_blend=&#8221;overlay&#8221; custom_padding=&#8221;164px||33px||false|false&#8221; custom_padding_tablet=&#8221;&#8221; custom_padding_phone=&#8221;50px||52px||false|false&#8221; global_colors_info=&#8221;{}&#8221;][et_pb_row _builder_version=&#8221;4.16&#8243; _module_preset=&#8221;default&#8221; global_colors_info=&#8221;{}&#8221;][et_pb_column type=&#8221;4_4&#8243; _builder_version=&#8221;4.16&#8243; _module_preset=&#8221;default&#8221; global_colors_info=&#8221;{}&#8221;][et_pb_text _builder_version=&#8221;4.16&#8243; _module_preset=&#8221;default&#8221; text_font=&#8221;|700||on|||||&#8221; text_text_color=&#8221;#FFFFFF&#8221; text_font_size=&#8221;48px&#8221; text_orientation=&#8221;center&#8221; custom_padding=&#8221;32px||32px||true|false&#8221; text_font_size_tablet=&#8221;&#8221; text_font_size_phone=&#8221;30px&#8221; text_font_size_last_edited=&#8221;on|phone&#8221; text_line_height_tablet=&#8221;&#8221; text_line_height_phone=&#8221;1.5em&#8221; text_line_height_last_edited=&#8221;on|phone&#8221; global_colors_info=&#8221;{}&#8221;]<\/p>\n<p>S\u00e4lpynpoistaja<\/p>\n<p>[\/et_pb_text][\/et_pb_column][\/et_pb_row][\/et_pb_section][et_pb_section fb_built=&#8221;1&#8243; custom_padding_last_edited=&#8221;on|phone&#8221; disabled_on=&#8221;off|off|on&#8221; _builder_version=&#8221;4.16&#8243; _module_preset=&#8221;default&#8221; custom_padding_tablet=&#8221;&#8221; custom_padding_phone=&#8221;0px||20px||false|false&#8221; global_colors_info=&#8221;{}&#8221;][et_pb_row custom_padding_last_edited=&#8221;on|phone&#8221; _builder_version=&#8221;4.16&#8243; _module_preset=&#8221;default&#8221; custom_padding_tablet=&#8221;&#8221; custom_padding_phone=&#8221;8px||||false|false&#8221; global_colors_info=&#8221;{}&#8221;][et_pb_column type=&#8221;4_4&#8243; _builder_version=&#8221;4.16&#8243; _module_preset=&#8221;default&#8221; global_colors_info=&#8221;{}&#8221;][et_pb_button button_url=&#8221;#lisatietoa&#8221; button_text=&#8221;Lis\u00e4tietoa&#8221; button_alignment=&#8221;center&#8221; _builder_version=&#8221;4.16&#8243; _module_preset=&#8221;default&#8221; custom_button=&#8221;on&#8221; button_text_size=&#8221;16px&#8221; button_text_color=&#8221;#000000&#8243; button_font=&#8221;|||on|||||&#8221; custom_margin=&#8221;22px|-12px||-12px|false|true&#8221; custom_margin_tablet=&#8221;&#8221; custom_margin_phone=&#8221;22px|0px||-20px|false|false&#8221; custom_margin_last_edited=&#8221;on|phone&#8221; custom_padding=&#8221;|118px||118px|false|true&#8221; global_colors_info=&#8221;{}&#8221;][\/et_pb_button][et_pb_text _builder_version=&#8221;4.16&#8243; _module_preset=&#8221;default&#8221; text_font=&#8221;|700||on|||||&#8221; text_text_color=&#8221;#000000&#8243; text_font_size=&#8221;19px&#8221; text_line_height=&#8221;1.6em&#8221; max_width=&#8221;100%&#8221; custom_margin=&#8221;||-8px|0px|false|false&#8221; custom_padding=&#8221;32px||5px||false|false&#8221; custom_padding_tablet=&#8221;&#8221; custom_padding_phone=&#8221;0px||32px||false|false&#8221; custom_padding_last_edited=&#8221;on|phone&#8221; global_colors_info=&#8221;{}&#8221;]<\/p>\n<p>Edistyksellinen v\u00e4lis\u00e4\u00e4t\u00f6<\/p>\n<p>[\/et_pb_text][et_pb_text _builder_version=&#8221;4.16&#8243; _module_preset=&#8221;default&#8221; text_font=&#8221;|700||on|||||&#8221; text_text_color=&#8221;#000000&#8243; text_font_size=&#8221;19px&#8221; text_line_height=&#8221;1.6em&#8221; width=&#8221;109%&#8221; custom_margin=&#8221;||52px|0px|false|false&#8221; custom_padding=&#8221;32px||4px||false|false&#8221; custom_padding_tablet=&#8221;&#8221; custom_padding_phone=&#8221;0px||32px||false|false&#8221; custom_padding_last_edited=&#8221;on|phone&#8221; global_colors_info=&#8221;{}&#8221;]<\/p>\n<p>Tehokas s\u00e4lpyn poistaja<\/p>\n<p>[\/et_pb_text][\/et_pb_column][\/et_pb_row][\/et_pb_section][et_pb_section fb_built=&#8221;1&#8243; disabled_on=&#8221;on|off|off&#8221; _builder_version=&#8221;4.16&#8243; _module_preset=&#8221;default&#8221; custom_padding=&#8221;0px||0px||true|false&#8221; global_colors_info=&#8221;{}&#8221;][et_pb_row column_structure=&#8221;1_2,1_2&#8243; _builder_version=&#8221;4.16&#8243; _module_preset=&#8221;default&#8221; custom_padding=&#8221;0px||0px||true|false&#8221; global_colors_info=&#8221;{}&#8221;][et_pb_column type=&#8221;1_2&#8243; _builder_version=&#8221;4.16&#8243; _module_preset=&#8221;default&#8221; global_colors_info=&#8221;{}&#8221;][et_pb_text _builder_version=&#8221;4.16&#8243; _module_preset=&#8221;default&#8221; text_font=&#8221;|700||on|||||&#8221; text_text_color=&#8221;#000000&#8243; text_font_size=&#8221;16px&#8221; text_line_height=&#8221;1.6em&#8221; text_orientation=&#8221;center&#8221; max_width=&#8221;100%&#8221; custom_margin=&#8221;|||-2px|false|false&#8221; custom_padding=&#8221;20px||20px||true|false&#8221; link_option_url=&#8221;https:\/\/tekoa.fi\/index.php\/jatkokasittely\/&#8221; global_colors_info=&#8221;{}&#8221;]<\/p>\n<p>Muut tuoteet<\/p>\n<p>[\/et_pb_text][\/et_pb_column][et_pb_column type=&#8221;1_2&#8243; _builder_version=&#8221;4.16&#8243; _module_preset=&#8221;default&#8221; global_colors_info=&#8221;{}&#8221;][et_pb_text _builder_version=&#8221;4.16&#8243; _module_preset=&#8221;default&#8221; text_font=&#8221;|700||on|||||&#8221; text_text_color=&#8221;#000000&#8243; text_font_size=&#8221;16px&#8221; text_line_height=&#8221;1.6em&#8221; text_orientation=&#8221;center&#8221; max_width=&#8221;100%&#8221; custom_margin=&#8221;|||-2px|false|false&#8221; custom_padding=&#8221;20px||20px||true|false&#8221; link_option_url=&#8221;https:\/\/tekoa.fi\/index.php\/yhteystiedot\/&#8221; global_colors_info=&#8221;{}&#8221;]<\/p>\n<p>OTA YHTEYTT\u00c4<\/p>\n<p>[\/et_pb_text][\/et_pb_column][\/et_pb_row][\/et_pb_section][et_pb_section fb_built=&#8221;1&#8243; module_id=&#8221;lisatietoa&#8221; _builder_version=&#8221;4.16&#8243; _module_preset=&#8221;default&#8221; background_color=&#8221;rgba(0,0,0,0.91)&#8221; global_colors_info=&#8221;{}&#8221;][et_pb_row custom_padding_last_edited=&#8221;on|phone&#8221; _builder_version=&#8221;4.16&#8243; _module_preset=&#8221;default&#8221; custom_padding_tablet=&#8221;&#8221; custom_padding_phone=&#8221;||0px||false|false&#8221; global_colors_info=&#8221;{}&#8221;][et_pb_column type=&#8221;4_4&#8243; _builder_version=&#8221;4.16&#8243; _module_preset=&#8221;default&#8221; global_colors_info=&#8221;{}&#8221;][et_pb_text _builder_version=&#8221;4.16&#8243; _module_preset=&#8221;default&#8221; text_font=&#8221;|700||on|||||&#8221; text_text_color=&#8221;#FFFFFF&#8221; text_font_size=&#8221;29px&#8221; text_orientation=&#8221;center&#8221; custom_margin=&#8221;31px|||||&#8221; custom_padding=&#8221;32px||32px||true|false&#8221; text_font_size_tablet=&#8221;&#8221; text_font_size_phone=&#8221;25px&#8221; text_font_size_last_edited=&#8221;on|phone&#8221; text_line_height_tablet=&#8221;&#8221; text_line_height_phone=&#8221;1.6em&#8221; text_line_height_last_edited=&#8221;on|phone&#8221; global_colors_info=&#8221;{}&#8221;]<\/p>\n<p>S\u00e4lpynpoistaja<\/p>\n<p>[\/et_pb_text][et_pb_divider color=&#8221;#e14809&#8243; divider_weight=&#8221;7px&#8221; disabled_on=&#8221;off|off|on&#8221; _builder_version=&#8221;4.16&#8243; _module_preset=&#8221;default&#8221; custom_margin_tablet=&#8221;&#8221; custom_margin_phone=&#8221;-46px|117px|60px|117px|false|true&#8221; custom_margin_last_edited=&#8221;on|phone&#8221; global_colors_info=&#8221;{}&#8221;][\/et_pb_divider][et_pb_divider color=&#8221;#e14809&#8243; divider_weight=&#8221;6px&#8221; _builder_version=&#8221;4.16&#8243; _module_preset=&#8221;default&#8221; custom_margin=&#8221;-38px|495px||495px|false|true&#8221; global_colors_info=&#8221;{}&#8221;][\/et_pb_divider][\/et_pb_column][\/et_pb_row][et_pb_row column_structure=&#8221;3_5,2_5&#8243; _builder_version=&#8221;4.16&#8243; _module_preset=&#8221;default&#8221; custom_margin_tablet=&#8221;&#8221; custom_margin_phone=&#8221;-27px||||false|false&#8221; custom_margin_last_edited=&#8221;on|phone&#8221; global_colors_info=&#8221;{}&#8221;][et_pb_column type=&#8221;3_5&#8243; _builder_version=&#8221;4.16&#8243; _module_preset=&#8221;default&#8221; global_colors_info=&#8221;{}&#8221;][et_pb_image src=&#8221;https:\/\/tekoa.fi\/wp-content\/uploads\/2023\/03\/Sa\u0308lpynpoistaja-1733&#215;2600-Cropped.jpg&#8221; title_text=&#8221;Sa\u0308lpynpoistaja-1733&#215;2600 Cropped&#8221; _builder_version=&#8221;4.16&#8243; _module_preset=&#8221;default&#8221; width=&#8221;100%&#8221; module_alignment=&#8221;center&#8221; global_colors_info=&#8221;{}&#8221;][\/et_pb_image][\/et_pb_column][et_pb_column type=&#8221;2_5&#8243; _builder_version=&#8221;4.16&#8243; _module_preset=&#8221;default&#8221; global_colors_info=&#8221;{}&#8221;][et_pb_text content_tablet=&#8221;<\/p>\n<p style=%22text-align: left;%22>V\u00e4ltt\u00e4m\u00e4tt\u00f6myys kuutioidun ja lohkotun tuotteen myynniss\u00e4! S\u00e4lpynpoistajalla saat lohkotusta tai kuutioidusta tuotteesta eroteltua liian pienet osat ja partikkelit, joita et lopputuotteeseenne halua. Koneessa on edistyksellinen v\u00e4lis\u00e4\u00e4t\u00f6. Se on nopea, tarkka ja kest\u00e4v\u00e4. Kaikilla teloilla on oma moottori, joten s\u00e4\u00e4t\u00e4mismahdollisuudet ovat eritt\u00e4in monipuoliset. Soveltuu perunalle, bataatille ja muille vastaaville tuotteille.<\/p>\n<p style=%22text-align: left;%22>&#8221; content_phone=&#8221;<\/p>\n<p style=%22text-align: center;%22>V\u00e4ltt\u00e4m\u00e4tt\u00f6myys kuutioidun ja lohkotun tuotteen myynniss\u00e4! S\u00e4lpynpoistajalla saat lohkotusta tai kuutioidusta tuotteesta eroteltua liian pienet osat ja partikkelit, joita et lopputuotteeseenne halua. Koneessa on edistyksellinen v\u00e4lis\u00e4\u00e4t\u00f6. Se on nopea, tarkka ja kest\u00e4v\u00e4. Kaikilla teloilla on oma moottori, joten s\u00e4\u00e4t\u00e4mismahdollisuudet ovat eritt\u00e4in monipuoliset. Soveltuu perunalle, bataatille ja muille vastaaville tuotteille.<\/p>\n<p style=%22text-align: left;%22>&#8221; content_last_edited=&#8221;on|phone&#8221; _builder_version=&#8221;4.27.2&#8243; _module_preset=&#8221;default&#8221; text_text_color=&#8221;#FFFFFF&#8221; text_font_size_tablet=&#8221;&#8221; text_font_size_phone=&#8221;16px&#8221; text_font_size_last_edited=&#8221;on|phone&#8221; text_orientation_tablet=&#8221;&#8221; text_orientation_phone=&#8221;left&#8221; text_orientation_last_edited=&#8221;on|phone&#8221; global_colors_info=&#8221;{}&#8221;]<\/p>\n<p style=\"text-align: left;\">V\u00e4ltt\u00e4m\u00e4tt\u00f6myys kuutioidun ja lohkotun tuotteen myynniss\u00e4! S\u00e4lpynpoistajalla saat lohkotusta tai kuutioidusta tuotteesta eroteltua liian pienet osat ja partikkelit, joita et lopputuotteeseenne halua. Koneessa on edistyksellinen v\u00e4lis\u00e4\u00e4t\u00f6. Se on nopea, tarkka ja kest\u00e4v\u00e4. Kaikilla teloilla on oma moottori, joten s\u00e4\u00e4t\u00e4mismahdollisuudet ovat eritt\u00e4in monipuoliset. Soveltuu perunalle, bataatille ja muille vastaaville tuotteille.<\/p>\n<p style=\"text-align: left;\"><strong><\/strong><\/p>\n<p style=\"text-align: left;\"><strong>Lis\u00e4varusteet:<\/strong><\/p>\n<ul style=\"text-align: left;\">\n<li>Keskitetty tai automaattirasvaus<\/li>\n<\/ul>\n<p style=\"text-align: left;\"><strong><\/strong><\/p>\n<p style=\"text-align: left;\"><strong>Tekniset tiedot:<\/strong><\/p>\n<ul>\n<li style=\"text-align: left;\">Ty\u00f6leveys mahdollista 500\u20131500 mm<\/li>\n<li style=\"text-align: left;\">10 moottoria<\/li>\n<li style=\"text-align: left;\">5-12 telaa<\/li>\n<\/ul>\n<p>[\/et_pb_text][et_pb_wc_add_to_cart product=&#8221;2229&#8243; show_quantity=&#8221;off&#8221; show_stock=&#8221;off&#8221; _builder_version=&#8221;4.16&#8243; _module_preset=&#8221;default&#8221; custom_button=&#8221;on&#8221; button_text_size=&#8221;16px&#8221; button_text_color=&#8221;#FFFFFF&#8221; button_bg_color=&#8221;#e14809&#8243; button_border_width=&#8221;0px&#8221; button_border_radius=&#8221;0px&#8221; button_letter_spacing=&#8221;2px&#8221; button_font=&#8221;|||on|||||&#8221; button_use_icon=&#8221;off&#8221; button_custom_padding=&#8221;12px|25px|12px|25px|false|false&#8221; global_colors_info=&#8221;{}&#8221;][\/et_pb_wc_add_to_cart][\/et_pb_column][\/et_pb_row][\/et_pb_section]<\/p>\n","protected":false},"excerpt":{"rendered":"<p>S\u00e4lpynpoistajaEdistyksellinen v\u00e4lis\u00e4\u00e4t\u00f6Tehokas s\u00e4lpyn poistajaS\u00e4lpynpoistajaEdistyksellinen v\u00e4lis\u00e4\u00e4t\u00f6Tehokas s\u00e4lpyn poistajaMuut tuoteetOTA YHTEYTT\u00c4S\u00e4lpynpoistajaV\u00e4ltt\u00e4m\u00e4tt\u00f6myys kuutioidun ja lohkotun tuotteen myynniss\u00e4! S\u00e4lpynpoistajalla saat lohkotusta tai kuutioidusta tuotteesta eroteltua liian pienet osat ja partikkelit, joita et lopputuotteeseenne halua. Koneessa on edistyksellinen v\u00e4lis\u00e4\u00e4t\u00f6. Se on nopea, tarkka ja kest\u00e4v\u00e4. Kaikilla teloilla on oma moottori, joten s\u00e4\u00e4t\u00e4mismahdollisuudet ovat eritt\u00e4in monipuoliset. Soveltuu perunalle, bataatille ja muille [&hellip;]<\/p>\n","protected":false},"author":1,"featured_media":0,"parent":0,"menu_order":0,"comment_status":"closed","ping_status":"closed","template":"","meta":{"_et_pb_use_builder":"on","_et_pb_old_content":"","_et_gb_content_width":"","footnotes":""},"class_list":["post-1989","page","type-page","status-publish","hentry"],"yoast_head":"<!-- This site is optimized with the Yoast SEO plugin v27.5 - https:\/\/yoast.com\/product\/yoast-seo-wordpress\/ -->\n<title>S\u00e4lpynpoistaja - Tekoa Oy<\/title>\n<meta name=\"robots\" content=\"index, follow, max-snippet:-1, max-image-preview:large, max-video-preview:-1\" \/>\n<link rel=\"canonical\" href=\"https:\/\/tekoa.fi\/en\/salpynpoistaja\/\" \/>\n<meta property=\"og:locale\" content=\"en_GB\" \/>\n<meta property=\"og:type\" content=\"article\" \/>\n<meta property=\"og:title\" content=\"S\u00e4lpynpoistaja - Tekoa Oy\" \/>\n<meta property=\"og:description\" content=\"S\u00e4lpynpoistajaEdistyksellinen v\u00e4lis\u00e4\u00e4t\u00f6Tehokas s\u00e4lpyn poistajaS\u00e4lpynpoistajaEdistyksellinen v\u00e4lis\u00e4\u00e4t\u00f6Tehokas s\u00e4lpyn poistajaMuut tuoteetOTA YHTEYTT\u00c4S\u00e4lpynpoistajaV\u00e4ltt\u00e4m\u00e4tt\u00f6myys kuutioidun ja lohkotun tuotteen myynniss\u00e4! S\u00e4lpynpoistajalla saat lohkotusta tai kuutioidusta tuotteesta eroteltua liian pienet osat ja partikkelit, joita et lopputuotteeseenne halua. Koneessa on edistyksellinen v\u00e4lis\u00e4\u00e4t\u00f6. Se on nopea, tarkka ja kest\u00e4v\u00e4. Kaikilla teloilla on oma moottori, joten s\u00e4\u00e4t\u00e4mismahdollisuudet ovat eritt\u00e4in monipuoliset. Soveltuu perunalle, bataatille ja muille [&hellip;]\" \/>\n<meta property=\"og:url\" content=\"https:\/\/tekoa.fi\/en\/salpynpoistaja\/\" \/>\n<meta property=\"og:site_name\" content=\"Tekoa Oy\" \/>\n<meta property=\"article:publisher\" content=\"https:\/\/www.facebook.com\/tekoaoy\" \/>\n<meta property=\"article:modified_time\" content=\"2024-10-08T12:33:18+00:00\" \/>\n<meta property=\"og:image\" content=\"https:\/\/tekoa.fi\/wp-content\/uploads\/2024\/10\/TEKOAbanner-1.png\" \/>\n\t<meta property=\"og:image:width\" content=\"1123\" \/>\n\t<meta property=\"og:image:height\" content=\"384\" \/>\n\t<meta property=\"og:image:type\" content=\"image\/png\" \/>\n<meta name=\"twitter:card\" content=\"summary_large_image\" \/>\n<meta name=\"twitter:label1\" content=\"Estimated reading time\" \/>\n\t<meta name=\"twitter:data1\" content=\"9 minutes\" \/>\n<script type=\"application\/ld+json\" class=\"yoast-schema-graph\">{\"@context\":\"https:\\\/\\\/schema.org\",\"@graph\":[{\"@type\":\"WebPage\",\"@id\":\"https:\\\/\\\/tekoa.fi\\\/salpynpoistaja\\\/\",\"url\":\"https:\\\/\\\/tekoa.fi\\\/salpynpoistaja\\\/\",\"name\":\"S\u00e4lpynpoistaja - Tekoa Oy\",\"isPartOf\":{\"@id\":\"https:\\\/\\\/tekoa.fi\\\/#website\"},\"datePublished\":\"2022-09-28T07:13:07+00:00\",\"dateModified\":\"2024-10-08T12:33:18+00:00\",\"breadcrumb\":{\"@id\":\"https:\\\/\\\/tekoa.fi\\\/salpynpoistaja\\\/#breadcrumb\"},\"inLanguage\":\"en-GB\",\"potentialAction\":[{\"@type\":\"ReadAction\",\"target\":[\"https:\\\/\\\/tekoa.fi\\\/salpynpoistaja\\\/\"]}]},{\"@type\":\"BreadcrumbList\",\"@id\":\"https:\\\/\\\/tekoa.fi\\\/salpynpoistaja\\\/#breadcrumb\",\"itemListElement\":[{\"@type\":\"ListItem\",\"position\":1,\"name\":\"Etusivu\",\"item\":\"https:\\\/\\\/tekoa.fi\\\/\"},{\"@type\":\"ListItem\",\"position\":2,\"name\":\"S\u00e4lpynpoistaja\"}]},{\"@type\":\"WebSite\",\"@id\":\"https:\\\/\\\/tekoa.fi\\\/#website\",\"url\":\"https:\\\/\\\/tekoa.fi\\\/\",\"name\":\"Tekoa Oy\",\"description\":\"Konepaja\",\"publisher\":{\"@id\":\"https:\\\/\\\/tekoa.fi\\\/#organization\"},\"potentialAction\":[{\"@type\":\"SearchAction\",\"target\":{\"@type\":\"EntryPoint\",\"urlTemplate\":\"https:\\\/\\\/tekoa.fi\\\/?s={search_term_string}\"},\"query-input\":{\"@type\":\"PropertyValueSpecification\",\"valueRequired\":true,\"valueName\":\"search_term_string\"}}],\"inLanguage\":\"en-GB\"},{\"@type\":\"Organization\",\"@id\":\"https:\\\/\\\/tekoa.fi\\\/#organization\",\"name\":\"Tekoa Oy\",\"url\":\"https:\\\/\\\/tekoa.fi\\\/\",\"logo\":{\"@type\":\"ImageObject\",\"inLanguage\":\"en-GB\",\"@id\":\"https:\\\/\\\/tekoa.fi\\\/#\\\/schema\\\/logo\\\/image\\\/\",\"url\":\"https:\\\/\\\/tekoa.fi\\\/wp-content\\\/uploads\\\/2024\\\/10\\\/TEKOAbanner-1.png\",\"contentUrl\":\"https:\\\/\\\/tekoa.fi\\\/wp-content\\\/uploads\\\/2024\\\/10\\\/TEKOAbanner-1.png\",\"width\":1123,\"height\":384,\"caption\":\"Tekoa Oy\"},\"image\":{\"@id\":\"https:\\\/\\\/tekoa.fi\\\/#\\\/schema\\\/logo\\\/image\\\/\"},\"sameAs\":[\"https:\\\/\\\/www.facebook.com\\\/tekoaoy\",\"https:\\\/\\\/www.instagram.com\\\/tekoaoy\\\/\",\"https:\\\/\\\/www.linkedin.com\\\/company\\\/tekoa-oy\"]}]}<\/script>\n<!-- \/ Yoast SEO plugin. -->","yoast_head_json":{"title":"S\u00e4lpynpoistaja - Tekoa Oy","robots":{"index":"index","follow":"follow","max-snippet":"max-snippet:-1","max-image-preview":"max-image-preview:large","max-video-preview":"max-video-preview:-1"},"canonical":"https:\/\/tekoa.fi\/en\/salpynpoistaja\/","og_locale":"en_GB","og_type":"article","og_title":"S\u00e4lpynpoistaja - Tekoa Oy","og_description":"S\u00e4lpynpoistajaEdistyksellinen v\u00e4lis\u00e4\u00e4t\u00f6Tehokas s\u00e4lpyn poistajaS\u00e4lpynpoistajaEdistyksellinen v\u00e4lis\u00e4\u00e4t\u00f6Tehokas s\u00e4lpyn poistajaMuut tuoteetOTA YHTEYTT\u00c4S\u00e4lpynpoistajaV\u00e4ltt\u00e4m\u00e4tt\u00f6myys kuutioidun ja lohkotun tuotteen myynniss\u00e4! S\u00e4lpynpoistajalla saat lohkotusta tai kuutioidusta tuotteesta eroteltua liian pienet osat ja partikkelit, joita et lopputuotteeseenne halua. Koneessa on edistyksellinen v\u00e4lis\u00e4\u00e4t\u00f6. Se on nopea, tarkka ja kest\u00e4v\u00e4. Kaikilla teloilla on oma moottori, joten s\u00e4\u00e4t\u00e4mismahdollisuudet ovat eritt\u00e4in monipuoliset. Soveltuu perunalle, bataatille ja muille [&hellip;]","og_url":"https:\/\/tekoa.fi\/en\/salpynpoistaja\/","og_site_name":"Tekoa Oy","article_publisher":"https:\/\/www.facebook.com\/tekoaoy","article_modified_time":"2024-10-08T12:33:18+00:00","og_image":[{"width":1123,"height":384,"url":"https:\/\/tekoa.fi\/wp-content\/uploads\/2024\/10\/TEKOAbanner-1.png","type":"image\/png"}],"twitter_card":"summary_large_image","twitter_misc":{"Estimated reading time":"9 minutes"},"schema":{"@context":"https:\/\/schema.org","@graph":[{"@type":"WebPage","@id":"https:\/\/tekoa.fi\/salpynpoistaja\/","url":"https:\/\/tekoa.fi\/salpynpoistaja\/","name":"S\u00e4lpynpoistaja - Tekoa Oy","isPartOf":{"@id":"https:\/\/tekoa.fi\/#website"},"datePublished":"2022-09-28T07:13:07+00:00","dateModified":"2024-10-08T12:33:18+00:00","breadcrumb":{"@id":"https:\/\/tekoa.fi\/salpynpoistaja\/#breadcrumb"},"inLanguage":"en-GB","potentialAction":[{"@type":"ReadAction","target":["https:\/\/tekoa.fi\/salpynpoistaja\/"]}]},{"@type":"BreadcrumbList","@id":"https:\/\/tekoa.fi\/salpynpoistaja\/#breadcrumb","itemListElement":[{"@type":"ListItem","position":1,"name":"Etusivu","item":"https:\/\/tekoa.fi\/"},{"@type":"ListItem","position":2,"name":"S\u00e4lpynpoistaja"}]},{"@type":"WebSite","@id":"https:\/\/tekoa.fi\/#website","url":"https:\/\/tekoa.fi\/","name":"Tekoa Oy","description":"Konepaja","publisher":{"@id":"https:\/\/tekoa.fi\/#organization"},"potentialAction":[{"@type":"SearchAction","target":{"@type":"EntryPoint","urlTemplate":"https:\/\/tekoa.fi\/?s={search_term_string}"},"query-input":{"@type":"PropertyValueSpecification","valueRequired":true,"valueName":"search_term_string"}}],"inLanguage":"en-GB"},{"@type":"Organization","@id":"https:\/\/tekoa.fi\/#organization","name":"Tekoa Oy","url":"https:\/\/tekoa.fi\/","logo":{"@type":"ImageObject","inLanguage":"en-GB","@id":"https:\/\/tekoa.fi\/#\/schema\/logo\/image\/","url":"https:\/\/tekoa.fi\/wp-content\/uploads\/2024\/10\/TEKOAbanner-1.png","contentUrl":"https:\/\/tekoa.fi\/wp-content\/uploads\/2024\/10\/TEKOAbanner-1.png","width":1123,"height":384,"caption":"Tekoa Oy"},"image":{"@id":"https:\/\/tekoa.fi\/#\/schema\/logo\/image\/"},"sameAs":["https:\/\/www.facebook.com\/tekoaoy","https:\/\/www.instagram.com\/tekoaoy\/","https:\/\/www.linkedin.com\/company\/tekoa-oy"]}]}},"_links":{"self":[{"href":"https:\/\/tekoa.fi\/en\/wp-json\/wp\/v2\/pages\/1989","targetHints":{"allow":["GET"]}}],"collection":[{"href":"https:\/\/tekoa.fi\/en\/wp-json\/wp\/v2\/pages"}],"about":[{"href":"https:\/\/tekoa.fi\/en\/wp-json\/wp\/v2\/types\/page"}],"author":[{"embeddable":true,"href":"https:\/\/tekoa.fi\/en\/wp-json\/wp\/v2\/users\/1"}],"replies":[{"embeddable":true,"href":"https:\/\/tekoa.fi\/en\/wp-json\/wp\/v2\/comments?post=1989"}],"version-history":[{"count":11,"href":"https:\/\/tekoa.fi\/en\/wp-json\/wp\/v2\/pages\/1989\/revisions"}],"predecessor-version":[{"id":2932,"href":"https:\/\/tekoa.fi\/en\/wp-json\/wp\/v2\/pages\/1989\/revisions\/2932"}],"wp:attachment":[{"href":"https:\/\/tekoa.fi\/en\/wp-json\/wp\/v2\/media?parent=1989"}],"curies":[{"name":"wp","href":"https:\/\/api.w.org\/{rel}","templated":true}]}}