{"id":1538,"date":"2022-01-28T22:40:57","date_gmt":"2022-01-28T22:40:57","guid":{"rendered":"http:\/\/pilar-demo.fi\/tekoa\/?page_id=1538"},"modified":"2024-10-09T12:01:52","modified_gmt":"2024-10-09T12:01:52","slug":"pakkausvaaka","status":"publish","type":"page","link":"https:\/\/tekoa.fi\/en\/pakkausvaaka\/","title":{"rendered":"Packaging Scale"},"content":{"rendered":"<p>[et_pb_section fb_built=&#8221;1&#8243; disabled_on=&#8221;on|off|off&#8221; _builder_version=&#8221;4.16&#8243; _module_preset=&#8221;default&#8221; background_color=&#8221;rgba(0,0,0,0.46)&#8221; background_image=&#8221;https:\/\/tekoa.fi\/wp-content\/uploads\/2023\/02\/Pakkausvaaka-scaled.jpg&#8221; background_blend=&#8221;overlay&#8221; custom_padding=&#8221;164px||33px||false|false&#8221; global_colors_info=&#8221;{}&#8221;][et_pb_row _builder_version=&#8221;4.16&#8243; _module_preset=&#8221;default&#8221; global_colors_info=&#8221;{}&#8221;][et_pb_column type=&#8221;4_4&#8243; _builder_version=&#8221;4.16&#8243; _module_preset=&#8221;default&#8221; global_colors_info=&#8221;{}&#8221;][et_pb_text _builder_version=&#8221;4.16&#8243; _module_preset=&#8221;default&#8221; text_font=&#8221;|700||on|||||&#8221; text_text_color=&#8221;#FFFFFF&#8221; text_font_size=&#8221;48px&#8221; text_orientation=&#8221;center&#8221; custom_padding=&#8221;32px||32px||true|false&#8221; text_font_size_tablet=&#8221;&#8221; text_font_size_phone=&#8221;30px&#8221; text_font_size_last_edited=&#8221;on|phone&#8221; text_line_height_tablet=&#8221;&#8221; text_line_height_phone=&#8221;1.5em&#8221; text_line_height_last_edited=&#8221;on|phone&#8221; global_colors_info=&#8221;{}&#8221;]<\/p>\n<p>Pakkausvaaka<\/p>\n<p>[\/et_pb_text][\/et_pb_column][\/et_pb_row][et_pb_row column_structure=&#8221;1_5,1_5,1_5,1_5,1_5&#8243; _builder_version=&#8221;4.16&#8243; _module_preset=&#8221;default&#8221; custom_padding=&#8221;109px|||||&#8221; global_colors_info=&#8221;{}&#8221;][et_pb_column type=&#8221;1_5&#8243; _builder_version=&#8221;4.16&#8243; _module_preset=&#8221;default&#8221; global_colors_info=&#8221;{}&#8221;][et_pb_text _builder_version=&#8221;4.16&#8243; _module_preset=&#8221;default&#8221; text_font=&#8221;|700||on|||||&#8221; text_text_color=&#8221;#FFFFFF&#8221; text_font_size=&#8221;19px&#8221; text_line_height=&#8221;1.6em&#8221; text_orientation=&#8221;center&#8221; width=&#8221;120%&#8221; max_width=&#8221;150%&#8221; custom_margin=&#8221;|||-2px|false|false&#8221; custom_padding=&#8221;72px||32px||false|false&#8221; global_colors_info=&#8221;{}&#8221;]<\/p>\n<p>Punnitusalue<\/p>\n<p>1\u201350 kg<\/p>\n<p>[\/et_pb_text][\/et_pb_column][et_pb_column type=&#8221;1_5&#8243; _builder_version=&#8221;4.16&#8243; _module_preset=&#8221;default&#8221; global_colors_info=&#8221;{}&#8221;][et_pb_divider color=&#8221;#FFFFFF&#8221; divider_position=&#8221;center&#8221; _builder_version=&#8221;4.16&#8243; _module_preset=&#8221;default&#8221; transform_rotate=&#8221;0deg|0deg|90deg&#8221; custom_margin=&#8221;|3px||3px|false|true&#8221; custom_padding=&#8221;216px|0px||0px|false|true&#8221; global_colors_info=&#8221;{}&#8221;][\/et_pb_divider][\/et_pb_column][et_pb_column type=&#8221;1_5&#8243; _builder_version=&#8221;4.16&#8243; _module_preset=&#8221;default&#8221; global_colors_info=&#8221;{}&#8221;][et_pb_text _builder_version=&#8221;4.16&#8243; _module_preset=&#8221;default&#8221; text_font=&#8221;|700||on|||||&#8221; text_text_color=&#8221;#FFFFFF&#8221; text_font_size=&#8221;19px&#8221; text_line_height=&#8221;1.6em&#8221; text_orientation=&#8221;center&#8221; width=&#8221;172%&#8221; max_width=&#8221;164%&#8221; custom_margin=&#8221;|||-64px|false|false&#8221; custom_padding=&#8221;72px||32px||false|false&#8221; global_colors_info=&#8221;{}&#8221;]<\/p>\n<p>Tehokas ja tarkka t\u00e4ytt\u00f6<\/p>\n<p>[\/et_pb_text][\/et_pb_column][et_pb_column type=&#8221;1_5&#8243; _builder_version=&#8221;4.16&#8243; _module_preset=&#8221;default&#8221; global_colors_info=&#8221;{}&#8221;][et_pb_divider color=&#8221;#FFFFFF&#8221; divider_position=&#8221;center&#8221; _builder_version=&#8221;4.16&#8243; _module_preset=&#8221;default&#8221; transform_rotate=&#8221;0deg|0deg|90deg&#8221; custom_margin=&#8221;|-2px||-2px|false|true&#8221; custom_padding=&#8221;226px|0px||0px|false|true&#8221; global_colors_info=&#8221;{}&#8221;][\/et_pb_divider][\/et_pb_column][et_pb_column type=&#8221;1_5&#8243; _builder_version=&#8221;4.16&#8243; _module_preset=&#8221;default&#8221; global_colors_info=&#8221;{}&#8221;][et_pb_button button_url=&#8221;#lisatietoa&#8221; button_text=&#8221;Lis\u00e4tietoa&#8221; _builder_version=&#8221;4.16&#8243; _module_preset=&#8221;default&#8221; custom_button=&#8221;on&#8221; button_text_size=&#8221;16px&#8221; button_text_color=&#8221;#FFFFFF&#8221; button_font=&#8221;|||on|||||&#8221; custom_margin=&#8221;49px|-56px||-56px|false|true&#8221; custom_padding=&#8221;|71px||71px|false|true&#8221; global_colors_info=&#8221;{}&#8221;][\/et_pb_button][\/et_pb_column][\/et_pb_row][\/et_pb_section][et_pb_section fb_built=&#8221;1&#8243; custom_padding_last_edited=&#8221;on|phone&#8221; disabled_on=&#8221;off|off|on&#8221; _builder_version=&#8221;4.16&#8243; _module_preset=&#8221;default&#8221; background_color=&#8221;rgba(0,0,0,0.46)&#8221; background_image=&#8221;https:\/\/tekoa.fi\/wp-content\/uploads\/2023\/02\/Pakkausvaaka-scaled.jpg&#8221; background_blend=&#8221;overlay&#8221; custom_padding=&#8221;164px||33px||false|false&#8221; custom_padding_tablet=&#8221;&#8221; custom_padding_phone=&#8221;50px||52px||false|false&#8221; global_colors_info=&#8221;{}&#8221;][et_pb_row _builder_version=&#8221;4.16&#8243; _module_preset=&#8221;default&#8221; global_colors_info=&#8221;{}&#8221;][et_pb_column type=&#8221;4_4&#8243; _builder_version=&#8221;4.16&#8243; _module_preset=&#8221;default&#8221; global_colors_info=&#8221;{}&#8221;][et_pb_text _builder_version=&#8221;4.16&#8243; _module_preset=&#8221;default&#8221; text_font=&#8221;|700||on|||||&#8221; text_text_color=&#8221;#FFFFFF&#8221; text_font_size=&#8221;48px&#8221; text_orientation=&#8221;center&#8221; custom_padding=&#8221;32px||32px||true|false&#8221; text_font_size_tablet=&#8221;&#8221; text_font_size_phone=&#8221;30px&#8221; text_font_size_last_edited=&#8221;on|phone&#8221; text_line_height_tablet=&#8221;&#8221; text_line_height_phone=&#8221;1.5em&#8221; text_line_height_last_edited=&#8221;on|phone&#8221; global_colors_info=&#8221;{}&#8221;]<\/p>\n<p>Pakkausvaaka<\/p>\n<p>[\/et_pb_text][\/et_pb_column][\/et_pb_row][\/et_pb_section][et_pb_section fb_built=&#8221;1&#8243; custom_padding_last_edited=&#8221;on|phone&#8221; disabled_on=&#8221;off|off|on&#8221; _builder_version=&#8221;4.16&#8243; _module_preset=&#8221;default&#8221; custom_padding_tablet=&#8221;&#8221; custom_padding_phone=&#8221;0px||20px||false|false&#8221; global_colors_info=&#8221;{}&#8221;][et_pb_row custom_padding_last_edited=&#8221;on|phone&#8221; _builder_version=&#8221;4.16&#8243; _module_preset=&#8221;default&#8221; custom_padding_tablet=&#8221;&#8221; custom_padding_phone=&#8221;8px||||false|false&#8221; global_colors_info=&#8221;{}&#8221;][et_pb_column type=&#8221;4_4&#8243; _builder_version=&#8221;4.16&#8243; _module_preset=&#8221;default&#8221; global_colors_info=&#8221;{}&#8221;][et_pb_button button_url=&#8221;#lisatietoa&#8221; button_text=&#8221;Lis\u00e4tietoa&#8221; button_alignment=&#8221;center&#8221; _builder_version=&#8221;4.16&#8243; _module_preset=&#8221;default&#8221; custom_button=&#8221;on&#8221; button_text_size=&#8221;16px&#8221; button_text_color=&#8221;#000000&#8243; button_font=&#8221;|||on|||||&#8221; custom_margin=&#8221;22px|-12px||-12px|false|true&#8221; custom_margin_tablet=&#8221;&#8221; custom_margin_phone=&#8221;22px|0px||-20px|false|false&#8221; custom_margin_last_edited=&#8221;on|phone&#8221; custom_padding=&#8221;|118px||118px|false|true&#8221; global_colors_info=&#8221;{}&#8221;][\/et_pb_button][et_pb_text _builder_version=&#8221;4.16&#8243; _module_preset=&#8221;default&#8221; text_font=&#8221;|700||on|||||&#8221; text_text_color=&#8221;#000000&#8243; text_font_size=&#8221;19px&#8221; text_line_height=&#8221;1.6em&#8221; max_width=&#8221;100%&#8221; custom_margin=&#8221;||-8px|0px|false|false&#8221; custom_padding=&#8221;32px||5px||false|false&#8221; custom_padding_tablet=&#8221;&#8221; custom_padding_phone=&#8221;0px||32px||false|false&#8221; custom_padding_last_edited=&#8221;on|phone&#8221; global_colors_info=&#8221;{}&#8221;]<\/p>\n<p>Punnitusalue 1\u201350 kg<\/p>\n<p>[\/et_pb_text][et_pb_text _builder_version=&#8221;4.16&#8243; _module_preset=&#8221;default&#8221; text_font=&#8221;|700||on|||||&#8221; text_text_color=&#8221;#000000&#8243; text_font_size=&#8221;19px&#8221; text_line_height=&#8221;1.6em&#8221; width=&#8221;109%&#8221; custom_margin=&#8221;||52px|0px|false|false&#8221; custom_padding=&#8221;32px||4px||false|false&#8221; custom_padding_tablet=&#8221;&#8221; custom_padding_phone=&#8221;0px||32px||false|false&#8221; custom_padding_last_edited=&#8221;on|phone&#8221; global_colors_info=&#8221;{}&#8221;]<\/p>\n<p>Tehokas ja tarkka t\u00e4ytt\u00f6<\/p>\n<p>[\/et_pb_text][\/et_pb_column][\/et_pb_row][\/et_pb_section][et_pb_section fb_built=&#8221;1&#8243; disabled_on=&#8221;on|off|off&#8221; _builder_version=&#8221;4.16&#8243; _module_preset=&#8221;default&#8221; custom_padding=&#8221;0px||0px||true|false&#8221; global_colors_info=&#8221;{}&#8221;][et_pb_row column_structure=&#8221;1_2,1_2&#8243; _builder_version=&#8221;4.16&#8243; _module_preset=&#8221;default&#8221; custom_padding=&#8221;0px||0px||true|false&#8221; global_colors_info=&#8221;{}&#8221;][et_pb_column type=&#8221;1_2&#8243; _builder_version=&#8221;4.16&#8243; _module_preset=&#8221;default&#8221; global_colors_info=&#8221;{}&#8221;][et_pb_text _builder_version=&#8221;4.16&#8243; _module_preset=&#8221;default&#8221; text_font=&#8221;|700||on|||||&#8221; text_text_color=&#8221;#000000&#8243; text_font_size=&#8221;16px&#8221; text_line_height=&#8221;1.6em&#8221; text_orientation=&#8221;center&#8221; max_width=&#8221;100%&#8221; custom_margin=&#8221;|||-2px|false|false&#8221; custom_padding=&#8221;20px||20px||true|false&#8221; link_option_url=&#8221;https:\/\/tekoa.fi\/index.php\/pakkaus\/&#8221; global_colors_info=&#8221;{}&#8221;]<\/p>\n<p>Muut tuoteet<\/p>\n<p>[\/et_pb_text][\/et_pb_column][et_pb_column type=&#8221;1_2&#8243; _builder_version=&#8221;4.16&#8243; _module_preset=&#8221;default&#8221; global_colors_info=&#8221;{}&#8221;][et_pb_text _builder_version=&#8221;4.16&#8243; _module_preset=&#8221;default&#8221; text_font=&#8221;|700||on|||||&#8221; text_text_color=&#8221;#000000&#8243; text_font_size=&#8221;16px&#8221; text_line_height=&#8221;1.6em&#8221; text_orientation=&#8221;center&#8221; max_width=&#8221;100%&#8221; custom_margin=&#8221;|||-2px|false|false&#8221; custom_padding=&#8221;20px||20px||true|false&#8221; link_option_url=&#8221;https:\/\/tekoa.fi\/index.php\/yhteystiedot\/&#8221; global_colors_info=&#8221;{}&#8221;]<\/p>\n<p>OTA YHTEYTT\u00c4<\/p>\n<p>[\/et_pb_text][\/et_pb_column][\/et_pb_row][\/et_pb_section][et_pb_section fb_built=&#8221;1&#8243; module_id=&#8221;lisatietoa&#8221; _builder_version=&#8221;4.16&#8243; _module_preset=&#8221;default&#8221; background_color=&#8221;rgba(0,0,0,0.91)&#8221; global_colors_info=&#8221;{}&#8221;][et_pb_row custom_padding_last_edited=&#8221;on|phone&#8221; _builder_version=&#8221;4.16&#8243; _module_preset=&#8221;default&#8221; custom_padding_tablet=&#8221;&#8221; custom_padding_phone=&#8221;||0px||false|false&#8221; global_colors_info=&#8221;{}&#8221;][et_pb_column type=&#8221;4_4&#8243; _builder_version=&#8221;4.16&#8243; _module_preset=&#8221;default&#8221; global_colors_info=&#8221;{}&#8221;][et_pb_text _builder_version=&#8221;4.16&#8243; _module_preset=&#8221;default&#8221; text_font=&#8221;|700||on|||||&#8221; text_text_color=&#8221;#FFFFFF&#8221; text_font_size=&#8221;29px&#8221; text_orientation=&#8221;center&#8221; custom_margin=&#8221;31px|||||&#8221; custom_padding=&#8221;32px||32px||true|false&#8221; text_font_size_tablet=&#8221;&#8221; text_font_size_phone=&#8221;25px&#8221; text_font_size_last_edited=&#8221;on|phone&#8221; text_line_height_tablet=&#8221;&#8221; text_line_height_phone=&#8221;1.6em&#8221; text_line_height_last_edited=&#8221;on|phone&#8221; global_colors_info=&#8221;{}&#8221;]<\/p>\n<p>Pakkausvaaka<\/p>\n<p>[\/et_pb_text][et_pb_divider color=&#8221;#e14809&#8243; divider_weight=&#8221;7px&#8221; disabled_on=&#8221;off|off|on&#8221; _builder_version=&#8221;4.16&#8243; _module_preset=&#8221;default&#8221; custom_margin_tablet=&#8221;&#8221; custom_margin_phone=&#8221;-46px|117px|60px|117px|false|true&#8221; custom_margin_last_edited=&#8221;on|phone&#8221; global_colors_info=&#8221;{}&#8221;][\/et_pb_divider][et_pb_divider color=&#8221;#e14809&#8243; divider_weight=&#8221;6px&#8221; _builder_version=&#8221;4.16&#8243; _module_preset=&#8221;default&#8221; custom_margin=&#8221;-38px|495px||495px|false|true&#8221; global_colors_info=&#8221;{}&#8221;][\/et_pb_divider][\/et_pb_column][\/et_pb_row][et_pb_row column_structure=&#8221;3_5,2_5&#8243; _builder_version=&#8221;4.16&#8243; _module_preset=&#8221;default&#8221; custom_margin_tablet=&#8221;&#8221; custom_margin_phone=&#8221;-27px||||false|false&#8221; custom_margin_last_edited=&#8221;on|phone&#8221; global_colors_info=&#8221;{}&#8221;][et_pb_column type=&#8221;3_5&#8243; _builder_version=&#8221;4.16&#8243; _module_preset=&#8221;default&#8221; global_colors_info=&#8221;{}&#8221;][et_pb_image src=&#8221;https:\/\/tekoa.fi\/wp-content\/uploads\/2023\/02\/Pakkausvaaka-scaled.jpg&#8221; title_text=&#8221;Pakkausvaaka&#8221; _builder_version=&#8221;4.16&#8243; _module_preset=&#8221;default&#8221; width=&#8221;100%&#8221; module_alignment=&#8221;center&#8221; global_colors_info=&#8221;{}&#8221;][\/et_pb_image][\/et_pb_column][et_pb_column type=&#8221;2_5&#8243; _builder_version=&#8221;4.16&#8243; _module_preset=&#8221;default&#8221; global_colors_info=&#8221;{}&#8221;][et_pb_text content_tablet=&#8221;<\/p>\n<p style=%22text-align: center;%22>Yhden kupin vaaka on suunniteltu siten, ett\u00e4 se saavuttaa yksitt\u00e4isten perunoiden tai porkkanoiden tarkan punnitustarkkuuden.<\/p>\n<p style=%22text-align: center;%22>Vaaka voidaan varustaa erikokoisilla punnituskupeilla ja se annostelee halutun kokoisia myyntieri\u00e4 1\u201350 kg v\u00e4lill\u00e4. Kolmivaiheinen hidastus varmistaa tehokkaan ja tarkan t\u00e4yt\u00f6n. Poistoaukko on s\u00e4\u00e4dett\u00e4viss\u00e4 tuotteen mukaan. T\u00e4m\u00e4 kokonaisuus sis\u00e4lt\u00e4\u00e4 nostavan kuljettimen ja tasokuljettimen, sek\u00e4 s\u00e4hk\u00f6keskuksen. Tasokuljettimella my\u00f6s s\u00e4\u00e4dett\u00e4v\u00e4 aukko. Aukkoa s\u00e4\u00e4det\u00e4\u00e4n tuotteen koon mukaan, jolla optimoidaan yhden tuotteen annostelutarkkuutta.<\/p>\n<p>&#8221; content_phone=&#8221;<\/p>\n<p style=%22text-align: center;%22>Yhden kupin vaaka on suunniteltu siten, ett\u00e4 se saavuttaa yksitt\u00e4isten perunoiden tai porkkanoiden tarkan punnitustarkkuuden.<\/p>\n<p style=%22text-align: center;%22>Vaaka voidaan varustaa erikokoisilla punnituskupeilla ja se annostelee halutun kokoisia myyntieri\u00e4 1\u201350 kg v\u00e4lill\u00e4. Kolmivaiheinen hidastus varmistaa tehokkaan ja tarkan t\u00e4yt\u00f6n. Poistoaukko on s\u00e4\u00e4dett\u00e4viss\u00e4 tuotteen mukaan. T\u00e4m\u00e4 kokonaisuus sis\u00e4lt\u00e4\u00e4 nostavan kuljettimen ja tasokuljettimen, sek\u00e4 s\u00e4hk\u00f6keskuksen. Tasokuljettimella my\u00f6s s\u00e4\u00e4dett\u00e4v\u00e4 aukko. Aukkoa s\u00e4\u00e4det\u00e4\u00e4n tuotteen koon mukaan, jolla optimoidaan yhden tuotteen annostelutarkkuutta.<\/p>\n<p>&#8221; content_last_edited=&#8221;on|tablet&#8221; _builder_version=&#8221;4.27.2&#8243; _module_preset=&#8221;default&#8221; text_text_color=&#8221;#FFFFFF&#8221; text_font_size_tablet=&#8221;&#8221; text_font_size_phone=&#8221;16px&#8221; text_font_size_last_edited=&#8221;on|phone&#8221; text_orientation_tablet=&#8221;&#8221; text_orientation_phone=&#8221;left&#8221; text_orientation_last_edited=&#8221;on|phone&#8221; global_colors_info=&#8221;{}&#8221;]<\/p>\n<p style=\"text-align: left;\">Yhden kupin vaaka on suunniteltu siten, ett\u00e4 se saavuttaa yksitt\u00e4isten perunoiden tai porkkanoiden tarkan punnitustarkkuuden.<\/p>\n<p style=\"text-align: left;\">Vaaka voidaan varustaa erikokoisilla punnituskupeilla ja se annostelee halutun kokoisia myyntieri\u00e4 0,5\u201350 kg v\u00e4lill\u00e4. Kolmivaiheinen hidastus varmistaa tehokkaan ja tarkan t\u00e4yt\u00f6n. Poistoaukko on s\u00e4\u00e4dett\u00e4viss\u00e4 tuotteen mukaan. T\u00e4m\u00e4 kokonaisuus sis\u00e4lt\u00e4\u00e4 nostavan kuljettimen ja tasokuljettimen, sek\u00e4 s\u00e4hk\u00f6keskuksen. Tasokuljettimella my\u00f6s s\u00e4\u00e4dett\u00e4v\u00e4 aukko. Aukkoa s\u00e4\u00e4det\u00e4\u00e4n tuotteen koon mukaan, jolla optimoidaan yhden tuotteen annostelutarkkuutta.<\/p>\n<p>[\/et_pb_text][et_pb_wc_add_to_cart product=&#8221;1707&#8243; show_quantity=&#8221;off&#8221; show_stock=&#8221;off&#8221; _builder_version=&#8221;4.16&#8243; _module_preset=&#8221;default&#8221; custom_button=&#8221;on&#8221; button_text_size=&#8221;16px&#8221; button_text_color=&#8221;#FFFFFF&#8221; button_bg_color=&#8221;#e14809&#8243; button_border_width=&#8221;0px&#8221; button_border_radius=&#8221;0px&#8221; button_letter_spacing=&#8221;2px&#8221; button_font=&#8221;|||on|||||&#8221; button_use_icon=&#8221;off&#8221; button_custom_padding=&#8221;12px|25px|12px|25px|false|false&#8221; global_colors_info=&#8221;{}&#8221;][\/et_pb_wc_add_to_cart][\/et_pb_column][\/et_pb_row][\/et_pb_section]<\/p>\n","protected":false},"excerpt":{"rendered":"<p>PakkausvaakaPunnitusalue 1\u201350 kgTehokas ja tarkka t\u00e4ytt\u00f6PakkausvaakaPunnitusalue 1\u201350 kgTehokas ja tarkka t\u00e4ytt\u00f6Muut tuoteetOTA YHTEYTT\u00c4PakkausvaakaYhden kupin vaaka on suunniteltu siten, ett\u00e4 se saavuttaa yksitt\u00e4isten perunoiden tai porkkanoiden tarkan punnitustarkkuuden. Vaaka voidaan varustaa erikokoisilla punnituskupeilla ja se annostelee halutun kokoisia myyntieri\u00e4 0,5\u201350 kg v\u00e4lill\u00e4. Kolmivaiheinen hidastus varmistaa tehokkaan ja tarkan t\u00e4yt\u00f6n. Poistoaukko on s\u00e4\u00e4dett\u00e4viss\u00e4 tuotteen mukaan. T\u00e4m\u00e4 kokonaisuus [&hellip;]<\/p>\n","protected":false},"author":1,"featured_media":0,"parent":0,"menu_order":0,"comment_status":"closed","ping_status":"closed","template":"","meta":{"_et_pb_use_builder":"on","_et_pb_old_content":"","_et_gb_content_width":"","footnotes":""},"class_list":["post-1538","page","type-page","status-publish","hentry"],"yoast_head":"<!-- This site is optimized with the Yoast SEO plugin v27.5 - https:\/\/yoast.com\/product\/yoast-seo-wordpress\/ -->\n<title>Pakkausvaaka - Tekoa Oy<\/title>\n<meta name=\"robots\" content=\"index, follow, max-snippet:-1, max-image-preview:large, max-video-preview:-1\" \/>\n<link rel=\"canonical\" href=\"https:\/\/tekoa.fi\/en\/pakkausvaaka\/\" \/>\n<meta property=\"og:locale\" content=\"en_GB\" \/>\n<meta property=\"og:type\" content=\"article\" \/>\n<meta property=\"og:title\" content=\"Pakkausvaaka - Tekoa Oy\" \/>\n<meta property=\"og:description\" content=\"PakkausvaakaPunnitusalue 1\u201350 kgTehokas ja tarkka t\u00e4ytt\u00f6PakkausvaakaPunnitusalue 1\u201350 kgTehokas ja tarkka t\u00e4ytt\u00f6Muut tuoteetOTA YHTEYTT\u00c4PakkausvaakaYhden kupin vaaka on suunniteltu siten, ett\u00e4 se saavuttaa yksitt\u00e4isten perunoiden tai porkkanoiden tarkan punnitustarkkuuden. Vaaka voidaan varustaa erikokoisilla punnituskupeilla ja se annostelee halutun kokoisia myyntieri\u00e4 0,5\u201350 kg v\u00e4lill\u00e4. Kolmivaiheinen hidastus varmistaa tehokkaan ja tarkan t\u00e4yt\u00f6n. Poistoaukko on s\u00e4\u00e4dett\u00e4viss\u00e4 tuotteen mukaan. T\u00e4m\u00e4 kokonaisuus [&hellip;]\" \/>\n<meta property=\"og:url\" content=\"https:\/\/tekoa.fi\/en\/pakkausvaaka\/\" \/>\n<meta property=\"og:site_name\" content=\"Tekoa Oy\" \/>\n<meta property=\"article:publisher\" content=\"https:\/\/www.facebook.com\/tekoaoy\" \/>\n<meta property=\"article:modified_time\" content=\"2024-10-09T12:01:52+00:00\" \/>\n<meta property=\"og:image\" content=\"https:\/\/tekoa.fi\/wp-content\/uploads\/2024\/10\/TEKOAbanner-1.png\" \/>\n\t<meta property=\"og:image:width\" content=\"1123\" \/>\n\t<meta property=\"og:image:height\" content=\"384\" \/>\n\t<meta property=\"og:image:type\" content=\"image\/png\" \/>\n<meta name=\"twitter:card\" content=\"summary_large_image\" \/>\n<meta name=\"twitter:label1\" content=\"Estimated reading time\" \/>\n\t<meta name=\"twitter:data1\" content=\"9 minutes\" \/>\n<script type=\"application\/ld+json\" class=\"yoast-schema-graph\">{\"@context\":\"https:\\\/\\\/schema.org\",\"@graph\":[{\"@type\":\"WebPage\",\"@id\":\"https:\\\/\\\/tekoa.fi\\\/pakkausvaaka\\\/\",\"url\":\"https:\\\/\\\/tekoa.fi\\\/pakkausvaaka\\\/\",\"name\":\"Pakkausvaaka - Tekoa Oy\",\"isPartOf\":{\"@id\":\"https:\\\/\\\/tekoa.fi\\\/#website\"},\"datePublished\":\"2022-01-28T22:40:57+00:00\",\"dateModified\":\"2024-10-09T12:01:52+00:00\",\"breadcrumb\":{\"@id\":\"https:\\\/\\\/tekoa.fi\\\/pakkausvaaka\\\/#breadcrumb\"},\"inLanguage\":\"en-GB\",\"potentialAction\":[{\"@type\":\"ReadAction\",\"target\":[\"https:\\\/\\\/tekoa.fi\\\/pakkausvaaka\\\/\"]}]},{\"@type\":\"BreadcrumbList\",\"@id\":\"https:\\\/\\\/tekoa.fi\\\/pakkausvaaka\\\/#breadcrumb\",\"itemListElement\":[{\"@type\":\"ListItem\",\"position\":1,\"name\":\"Etusivu\",\"item\":\"https:\\\/\\\/tekoa.fi\\\/\"},{\"@type\":\"ListItem\",\"position\":2,\"name\":\"Pakkausvaaka\"}]},{\"@type\":\"WebSite\",\"@id\":\"https:\\\/\\\/tekoa.fi\\\/#website\",\"url\":\"https:\\\/\\\/tekoa.fi\\\/\",\"name\":\"Tekoa Oy\",\"description\":\"Konepaja\",\"publisher\":{\"@id\":\"https:\\\/\\\/tekoa.fi\\\/#organization\"},\"potentialAction\":[{\"@type\":\"SearchAction\",\"target\":{\"@type\":\"EntryPoint\",\"urlTemplate\":\"https:\\\/\\\/tekoa.fi\\\/?s={search_term_string}\"},\"query-input\":{\"@type\":\"PropertyValueSpecification\",\"valueRequired\":true,\"valueName\":\"search_term_string\"}}],\"inLanguage\":\"en-GB\"},{\"@type\":\"Organization\",\"@id\":\"https:\\\/\\\/tekoa.fi\\\/#organization\",\"name\":\"Tekoa Oy\",\"url\":\"https:\\\/\\\/tekoa.fi\\\/\",\"logo\":{\"@type\":\"ImageObject\",\"inLanguage\":\"en-GB\",\"@id\":\"https:\\\/\\\/tekoa.fi\\\/#\\\/schema\\\/logo\\\/image\\\/\",\"url\":\"https:\\\/\\\/tekoa.fi\\\/wp-content\\\/uploads\\\/2024\\\/10\\\/TEKOAbanner-1.png\",\"contentUrl\":\"https:\\\/\\\/tekoa.fi\\\/wp-content\\\/uploads\\\/2024\\\/10\\\/TEKOAbanner-1.png\",\"width\":1123,\"height\":384,\"caption\":\"Tekoa Oy\"},\"image\":{\"@id\":\"https:\\\/\\\/tekoa.fi\\\/#\\\/schema\\\/logo\\\/image\\\/\"},\"sameAs\":[\"https:\\\/\\\/www.facebook.com\\\/tekoaoy\",\"https:\\\/\\\/www.instagram.com\\\/tekoaoy\\\/\",\"https:\\\/\\\/www.linkedin.com\\\/company\\\/tekoa-oy\"]}]}<\/script>\n<!-- \/ Yoast SEO plugin. -->","yoast_head_json":{"title":"Pakkausvaaka - Tekoa Oy","robots":{"index":"index","follow":"follow","max-snippet":"max-snippet:-1","max-image-preview":"max-image-preview:large","max-video-preview":"max-video-preview:-1"},"canonical":"https:\/\/tekoa.fi\/en\/pakkausvaaka\/","og_locale":"en_GB","og_type":"article","og_title":"Pakkausvaaka - Tekoa Oy","og_description":"PakkausvaakaPunnitusalue 1\u201350 kgTehokas ja tarkka t\u00e4ytt\u00f6PakkausvaakaPunnitusalue 1\u201350 kgTehokas ja tarkka t\u00e4ytt\u00f6Muut tuoteetOTA YHTEYTT\u00c4PakkausvaakaYhden kupin vaaka on suunniteltu siten, ett\u00e4 se saavuttaa yksitt\u00e4isten perunoiden tai porkkanoiden tarkan punnitustarkkuuden. Vaaka voidaan varustaa erikokoisilla punnituskupeilla ja se annostelee halutun kokoisia myyntieri\u00e4 0,5\u201350 kg v\u00e4lill\u00e4. Kolmivaiheinen hidastus varmistaa tehokkaan ja tarkan t\u00e4yt\u00f6n. Poistoaukko on s\u00e4\u00e4dett\u00e4viss\u00e4 tuotteen mukaan. T\u00e4m\u00e4 kokonaisuus [&hellip;]","og_url":"https:\/\/tekoa.fi\/en\/pakkausvaaka\/","og_site_name":"Tekoa Oy","article_publisher":"https:\/\/www.facebook.com\/tekoaoy","article_modified_time":"2024-10-09T12:01:52+00:00","og_image":[{"width":1123,"height":384,"url":"https:\/\/tekoa.fi\/wp-content\/uploads\/2024\/10\/TEKOAbanner-1.png","type":"image\/png"}],"twitter_card":"summary_large_image","twitter_misc":{"Estimated reading time":"9 minutes"},"schema":{"@context":"https:\/\/schema.org","@graph":[{"@type":"WebPage","@id":"https:\/\/tekoa.fi\/pakkausvaaka\/","url":"https:\/\/tekoa.fi\/pakkausvaaka\/","name":"Pakkausvaaka - Tekoa Oy","isPartOf":{"@id":"https:\/\/tekoa.fi\/#website"},"datePublished":"2022-01-28T22:40:57+00:00","dateModified":"2024-10-09T12:01:52+00:00","breadcrumb":{"@id":"https:\/\/tekoa.fi\/pakkausvaaka\/#breadcrumb"},"inLanguage":"en-GB","potentialAction":[{"@type":"ReadAction","target":["https:\/\/tekoa.fi\/pakkausvaaka\/"]}]},{"@type":"BreadcrumbList","@id":"https:\/\/tekoa.fi\/pakkausvaaka\/#breadcrumb","itemListElement":[{"@type":"ListItem","position":1,"name":"Etusivu","item":"https:\/\/tekoa.fi\/"},{"@type":"ListItem","position":2,"name":"Pakkausvaaka"}]},{"@type":"WebSite","@id":"https:\/\/tekoa.fi\/#website","url":"https:\/\/tekoa.fi\/","name":"Tekoa Oy","description":"Konepaja","publisher":{"@id":"https:\/\/tekoa.fi\/#organization"},"potentialAction":[{"@type":"SearchAction","target":{"@type":"EntryPoint","urlTemplate":"https:\/\/tekoa.fi\/?s={search_term_string}"},"query-input":{"@type":"PropertyValueSpecification","valueRequired":true,"valueName":"search_term_string"}}],"inLanguage":"en-GB"},{"@type":"Organization","@id":"https:\/\/tekoa.fi\/#organization","name":"Tekoa Oy","url":"https:\/\/tekoa.fi\/","logo":{"@type":"ImageObject","inLanguage":"en-GB","@id":"https:\/\/tekoa.fi\/#\/schema\/logo\/image\/","url":"https:\/\/tekoa.fi\/wp-content\/uploads\/2024\/10\/TEKOAbanner-1.png","contentUrl":"https:\/\/tekoa.fi\/wp-content\/uploads\/2024\/10\/TEKOAbanner-1.png","width":1123,"height":384,"caption":"Tekoa Oy"},"image":{"@id":"https:\/\/tekoa.fi\/#\/schema\/logo\/image\/"},"sameAs":["https:\/\/www.facebook.com\/tekoaoy","https:\/\/www.instagram.com\/tekoaoy\/","https:\/\/www.linkedin.com\/company\/tekoa-oy"]}]}},"_links":{"self":[{"href":"https:\/\/tekoa.fi\/en\/wp-json\/wp\/v2\/pages\/1538","targetHints":{"allow":["GET"]}}],"collection":[{"href":"https:\/\/tekoa.fi\/en\/wp-json\/wp\/v2\/pages"}],"about":[{"href":"https:\/\/tekoa.fi\/en\/wp-json\/wp\/v2\/types\/page"}],"author":[{"embeddable":true,"href":"https:\/\/tekoa.fi\/en\/wp-json\/wp\/v2\/users\/1"}],"replies":[{"embeddable":true,"href":"https:\/\/tekoa.fi\/en\/wp-json\/wp\/v2\/comments?post=1538"}],"version-history":[{"count":12,"href":"https:\/\/tekoa.fi\/en\/wp-json\/wp\/v2\/pages\/1538\/revisions"}],"predecessor-version":[{"id":2968,"href":"https:\/\/tekoa.fi\/en\/wp-json\/wp\/v2\/pages\/1538\/revisions\/2968"}],"wp:attachment":[{"href":"https:\/\/tekoa.fi\/en\/wp-json\/wp\/v2\/media?parent=1538"}],"curies":[{"name":"wp","href":"https:\/\/api.w.org\/{rel}","templated":true}]}}